{"id":11,"date":"2016-10-12T13:36:47","date_gmt":"2016-10-12T11:36:47","guid":{"rendered":"http:\/\/www.weingut-im-moselkrampen.de\/?page_id=11"},"modified":"2026-03-20T01:12:03","modified_gmt":"2026-03-20T00:12:03","slug":"ferienwohnungen-und-weingut-erholung-genuss-und-erstklassiger-wein","status":"publish","type":"page","link":"https:\/\/www.weingut-im-moselkrampen.de\/de_de\/","title":{"rendered":"Ferienwohnungen &#038; Weingut"},"content":{"rendered":"<div id=\"pl-11\"  class=\"panel-layout\" ><div id=\"pg-11-0\"  class=\"panel-grid panel-no-style\" ><div id=\"pgc-11-0-0\"  class=\"panel-grid-cell\" ><div id=\"panel-11-0-0-0\" class=\"so-panel widget widget_circleicon-widget panel-first-child panel-last-child\" data-index=\"0\" >\t\t<div class=\"circle-icon-box circle-icon-position-top circle-icon-hide-box circle-icon-size-small \">\n\t\t\t\t\t\t\t<div class=\"circle-icon-wrapper\">\n\t\t\t\t\t\t\t\t\t\t<a href=\"https:\/\/booking.weingut-im-moselkrampen.de\/\" class=\"link-icon\" >\t\t\t\t\t<div class=\"circle-icon icon-style-set\" style=\"background-image: url(https:\/\/booking.weingut-im-moselkrampen.de\/)\">\n\t\t\t\t\t\t\t\t\t\t\t\t\t<div class=\"fa fa-home\" ><\/div>\n\t\t\t\t\t\t\t\t\t\t\t<\/div>\n\t\t\t\t\t<\/a>\t\t\t\t<\/div>\n\t\t\t\n\t\t\t\t\t\t\t<a href=\"https:\/\/booking.weingut-im-moselkrampen.de\/\" class=\"link-title\" >\n\t\t\t\t\t\t\t\t\t\t<h4 >\n\t\t\t\t\tFerienwohnungen\t\t\t\t<\/h4>\n\t\t\t\t\t\t\t\t\t\t<\/a>\n\t\t\t\n\t\t\t\t\t\t\t<p class=\"text\" >Besuchen Sie unser Ferienhaus im Moselkrampen!<\/p>\n\t\t\t\t\t\t\t\t\t\t<a\n\t\t\t\t\thref=\"https:\/\/booking.weingut-im-moselkrampen.de\/\"\n\t\t\t\t\tclass=\"more-button\"\n\t\t\t\t\t\t\t\t\t\t\t\t\t\t>\n\t\t\t\t\tjetzt buchen ! <i><\/i>\n\t\t\t\t<\/a>\n\t\t\t\t\t<\/div>\n\t\t<\/div><\/div><div id=\"pgc-11-0-1\"  class=\"panel-grid-cell\" ><div id=\"panel-11-0-1-0\" class=\"so-panel widget widget_circleicon-widget panel-first-child panel-last-child\" data-index=\"1\" >\t\t<div class=\"circle-icon-box circle-icon-position-top circle-icon-hide-box circle-icon-size-small \">\n\t\t\t\t\t\t\t<div class=\"circle-icon-wrapper\">\n\t\t\t\t\t\t\t\t\t\t<a href=\"http:\/\/www.weingut-im-moselkrampen.de\/unsere-weine\" class=\"link-icon\" >\t\t\t\t\t<div class=\"circle-icon icon-style-set\" style=\"background-image: url(http:\/\/www.weingut-im-moselkrampen.de\/unsere-weine)\">\n\t\t\t\t\t\t\t\t\t\t\t\t\t<div class=\"fa fa-glass\" ><\/div>\n\t\t\t\t\t\t\t\t\t\t\t<\/div>\n\t\t\t\t\t<\/a>\t\t\t\t<\/div>\n\t\t\t\n\t\t\t\t\t\t\t<a href=\"http:\/\/www.weingut-im-moselkrampen.de\/unsere-weine\" class=\"link-title\" >\n\t\t\t\t\t\t\t\t\t\t<h4 >\n\t\t\t\t\tUnsere Weine\t\t\t\t<\/h4>\n\t\t\t\t\t\t\t\t\t\t<\/a>\n\t\t\t\n\t\t\t\t\t\t\t<p class=\"text\" >Probieren Sie unser vielf\u00e4ltiges Weinsortiment!<\/p>\n\t\t\t\t\t\t\t\t\t\t<a\n\t\t\t\t\thref=\"http:\/\/www.weingut-im-moselkrampen.de\/unsere-weine\"\n\t\t\t\t\tclass=\"more-button\"\n\t\t\t\t\t\t\t\t\t\t\t\t\t\t>\n\t\t\t\t\tmehr <i><\/i>\n\t\t\t\t<\/a>\n\t\t\t\t\t<\/div>\n\t\t<\/div><\/div><div id=\"pgc-11-0-2\"  class=\"panel-grid-cell\" ><div id=\"panel-11-0-2-0\" class=\"so-panel widget widget_circleicon-widget panel-first-child panel-last-child\" data-index=\"2\" >\t\t<div class=\"circle-icon-box circle-icon-position-top circle-icon-hide-box circle-icon-size-small \">\n\t\t\t\t\t\t\t<div class=\"circle-icon-wrapper\">\n\t\t\t\t\t\t\t\t\t\t<a href=\"http:\/\/www.weingut-im-moselkrampen.de\/shop\/\" class=\"link-icon\" target=\"_blank\">\t\t\t\t\t<div class=\"circle-icon icon-style-set\" style=\"background-image: url(http:\/\/www.weingut-im-moselkrampen.de\/shop\/)\">\n\t\t\t\t\t\t\t\t\t\t\t\t\t<div class=\"fa fa-envelope\" ><\/div>\n\t\t\t\t\t\t\t\t\t\t\t<\/div>\n\t\t\t\t\t<\/a>\t\t\t\t<\/div>\n\t\t\t\n\t\t\t\t\t\t\t<a href=\"http:\/\/www.weingut-im-moselkrampen.de\/shop\/\" class=\"link-title\" target=\"_blank\">\n\t\t\t\t\t\t\t\t\t\t<h4 >\n\t\t\t\t\tWein Bestellen\t\t\t\t<\/h4>\n\t\t\t\t\t\t\t\t\t\t<\/a>\n\t\t\t\n\t\t\t\t\t\t\t<p class=\"text\" >Gerne liefern wir unsere Weine auch unkompliziert per Post zu Ihnen nachhause.<\/p>\n\t\t\t\t\t\t\t\t\t\t<a\n\t\t\t\t\thref=\"http:\/\/www.weingut-im-moselkrampen.de\/shop\/\"\n\t\t\t\t\tclass=\"more-button\"\n\t\t\t\t\ttarget=\"_blank\"\t\t\t\t\t\t\t\t\t>\n\t\t\t\t\tzum Shop <i><\/i>\n\t\t\t\t<\/a>\n\t\t\t\t\t<\/div>\n\t\t<\/div><\/div><\/div><div id=\"pg-11-1\"  class=\"panel-grid panel-has-style\" ><div class=\"wide-grey panel-row-style panel-row-style-for-11-1\" ><div id=\"pgc-11-1-0\"  class=\"panel-grid-cell\" ><div id=\"panel-11-1-0-0\" class=\"so-panel widget widget_headline-widget panel-first-child\" data-index=\"3\" >\t\t<h1>Herzlich Willkommen im Moselkrampen!<\/h1>\n\t\t<div class=\"decoration\"><div class=\"decoration-inside\"><\/div><\/div>\n\t\t<h3>Bestellen Sie ab sofort in unserem neuen Wein-Shop!<\/h3>\n\t\t<\/div><div id=\"panel-11-1-0-1\" class=\"so-panel widget widget_text panel-last-child\" data-index=\"4\" >\t\t\t<div class=\"textwidget\"><p>Der Moselkrampen ist ein wundersch\u00f6nes Fleckchen Erde mit traumhafter Landschaft und vielen Ausflugsm\u00f6glichkeiten, die auf Sie warten. Ob Sie Cochem, Beilstein oder Trier besuchen, oder lieber die zahlreichen Rad- und Wanderwege ausprobieren m\u00f6chten, die Mosel hat f\u00fcr jeden etwas zu bieten.  <\/p>\n<p>Doch wir Moselaner wissen: Erst mit einem Gl\u00e4schen Moselwein l\u00e4sst sich die entspannte Atmosph\u00e4re richtig genie\u00dfen. Die Weinproduktion hat an der Mosel eine lange Tradition, auf die wir sehr stolz sind. Deshalb macht es uns auch doppelt Spa\u00df unser kleines Weingut auf althergebrachte Art und Weise zu f\u00fchren.  <\/p>\n<p>Wenn wir Ihr Interesse geweckt haben, k\u00f6nnen Sie sich auf dieser Website einen \u00dcberblick \u00fcber unseren Betrieb verschaffen. Dar\u00fcber hinaus haben Sie die M\u00f6glichkeit, alle unsere Weine schnell und unkompliziert nachhause zu bestellen. Falls dar\u00fcber hinaus noch Fragen offen bleiben, schreiben Sie uns eine Email und wir werden uns um schnellstm\u00f6gliche Antwort bem\u00fchen.<\/p>\n<\/div>\n\t\t<\/div><\/div><\/div><\/div><div id=\"pg-11-2\"  class=\"panel-grid panel-no-style\" ><div id=\"pgc-11-2-0\"  class=\"panel-grid-cell\" ><div id=\"panel-11-2-0-0\" class=\"so-panel widget widget_siteorigin-panels-postloop panel-first-child panel-last-child\" data-index=\"5\" ><h3 class=\"widget-title\"><span class=\"vantage-carousel-title\"><span class=\"vantage-carousel-title-text\">letzte Nachricht<\/span><a href=\"#\" class=\"next\" title=\"N\u00e4chster\"><span class=\"vantage-icon-arrow-right\"><\/span><\/a><a href=\"#\" class=\"previous\" title=\"Vorheriger\"><span class=\"vantage-icon-arrow-left\"><\/span><\/a><\/span><\/h3><div class=\"vantage-carousel-wrapper\">\n\t\n\t<ul class=\"vantage-carousel\" data-query=\"{&quot;post_status&quot;:&quot;publish&quot;,&quot;posts_per_page&quot;:10,&quot;post_type&quot;:&quot;post&quot;,&quot;date_query&quot;:{&quot;after&quot;:&quot;&quot;,&quot;before&quot;:&quot;&quot;,&quot;inclusive&quot;:true},&quot;orderby&quot;:&quot;date&quot;,&quot;order&quot;:&quot;DESC&quot;,&quot;post__not_in&quot;:[11,11],&quot;paged&quot;:1,&quot;fields&quot;:&quot;all&quot;,&quot;lazy_load_term_meta&quot;:true}\" data-ajax-url=\"https:\/\/www.weingut-im-moselkrampen.de\/wp-admin\/admin-ajax.php\">\n\t\t\t\t\t<li class=\"carousel-entry\">\n\t\t\t\t<div class=\"thumbnail\">\n\t\t\t\t\t\t\t\t\t\t\t\t\t\t\t\t<a href=\"https:\/\/www.weingut-im-moselkrampen.de\/de_de\/2026\/04\/06\/mystische-mosel\/\" style=\"background-image: url(https:\/\/www.weingut-im-moselkrampen.de\/wp-content\/uploads\/2026\/05\/MMosel-272x182.jpg)\">\n\t\t\t\t\t\t<\/a>\n\t\t\t\t\t\t\t\t\t<\/div>\n\t\t\t\t\t\t\t\t<h3><a href=\"https:\/\/www.weingut-im-moselkrampen.de\/de_de\/2026\/04\/06\/mystische-mosel\/\">mystische Mosel<\/a><\/h3>\n\t\t\t<\/li>\n\t\t\t\t\t<li class=\"carousel-entry\">\n\t\t\t\t<div class=\"thumbnail\">\n\t\t\t\t\t\t\t\t\t\t\t\t\t\t\t\t<a href=\"https:\/\/www.weingut-im-moselkrampen.de\/de_de\/2026\/04\/05\/quittenbrand-die-nackte-quitte-jetzt-erhaeltlich\/\" style=\"background-image: url(https:\/\/www.weingut-im-moselkrampen.de\/wp-content\/uploads\/2026\/04\/PXL_20260404_1927145872-272x182.jpg)\">\n\t\t\t\t\t\t<\/a>\n\t\t\t\t\t\t\t\t\t<\/div>\n\t\t\t\t\t\t\t\t<h3><a href=\"https:\/\/www.weingut-im-moselkrampen.de\/de_de\/2026\/04\/05\/quittenbrand-die-nackte-quitte-jetzt-erhaeltlich\/\">Quittenbrand &#8222;Die nackte Quitte&#8220; jetzt erh\u00e4ltlich<\/a><\/h3>\n\t\t\t<\/li>\n\t\t\t\t\t<li class=\"carousel-entry\">\n\t\t\t\t<div class=\"thumbnail\">\n\t\t\t\t\t\t\t\t\t\t\t\t\t\t\t\t<a href=\"https:\/\/www.weingut-im-moselkrampen.de\/de_de\/2023\/10\/13\/weinlese-2023\/\" style=\"background-image: url(https:\/\/www.weingut-im-moselkrampen.de\/wp-content\/uploads\/2023\/10\/WhatsApp-Image-2023-10-09-at-20.28.15-272x182.jpeg)\">\n\t\t\t\t\t\t<\/a>\n\t\t\t\t\t\t\t\t\t<\/div>\n\t\t\t\t\t\t\t\t<h3><a href=\"https:\/\/www.weingut-im-moselkrampen.de\/de_de\/2023\/10\/13\/weinlese-2023\/\">Weinlese 2023<\/a><\/h3>\n\t\t\t<\/li>\n\t\t\t\t\t<li class=\"carousel-entry\">\n\t\t\t\t<div class=\"thumbnail\">\n\t\t\t\t\t\t\t\t\t\t\t\t\t\t\t\t<a href=\"https:\/\/www.weingut-im-moselkrampen.de\/de_de\/2023\/02\/08\/und-dann-warens-4\/\" style=\"background-image: url(https:\/\/www.weingut-im-moselkrampen.de\/wp-content\/uploads\/2023\/02\/WhatsApp-Image-2023-02-07-at-15.10.22-1-272x182.jpeg)\">\n\t\t\t\t\t\t<\/a>\n\t\t\t\t\t\t\t\t\t<\/div>\n\t\t\t\t\t\t\t\t<h3><a href=\"https:\/\/www.weingut-im-moselkrampen.de\/de_de\/2023\/02\/08\/und-dann-warens-4\/\">Und dann waren&#8217;s 4!<\/a><\/h3>\n\t\t\t<\/li>\n\t\t\t\t\t<li class=\"carousel-entry\">\n\t\t\t\t<div class=\"thumbnail\">\n\t\t\t\t\t\t\t\t\t\t\t\t\t\t\t\t<a href=\"https:\/\/www.weingut-im-moselkrampen.de\/de_de\/2022\/07\/28\/ellenzer-weintage-2022\/\" style=\"background-image: url(https:\/\/www.weingut-im-moselkrampen.de\/wp-content\/uploads\/2022\/07\/Plakat_Ellenzer-Weintage-272x182.jpg)\">\n\t\t\t\t\t\t<\/a>\n\t\t\t\t\t\t\t\t\t<\/div>\n\t\t\t\t\t\t\t\t<h3><a href=\"https:\/\/www.weingut-im-moselkrampen.de\/de_de\/2022\/07\/28\/ellenzer-weintage-2022\/\">Ellenzer Weintage 2022<\/a><\/h3>\n\t\t\t<\/li>\n\t\t\t\t\t<li class=\"carousel-entry\">\n\t\t\t\t<div class=\"thumbnail\">\n\t\t\t\t\t\t\t\t\t\t\t\t\t\t\t\t<a href=\"https:\/\/www.weingut-im-moselkrampen.de\/de_de\/2022\/06\/24\/kinderspielsplatz\/\" style=\"background-image: url(https:\/\/www.weingut-im-moselkrampen.de\/wp-content\/uploads\/2022\/06\/WhatsApp-Image-2022-06-24-at-11.10.38-3-272x182.jpeg)\">\n\t\t\t\t\t\t<\/a>\n\t\t\t\t\t\t\t\t\t<\/div>\n\t\t\t\t\t\t\t\t<h3><a href=\"https:\/\/www.weingut-im-moselkrampen.de\/de_de\/2022\/06\/24\/kinderspielsplatz\/\">Kinderspielsplatz<\/a><\/h3>\n\t\t\t<\/li>\n\t\t\t\t\t<li class=\"carousel-entry\">\n\t\t\t\t<div class=\"thumbnail\">\n\t\t\t\t\t\t\t\t\t\t\t\t\t\t\t\t<a href=\"https:\/\/www.weingut-im-moselkrampen.de\/de_de\/2021\/11\/30\/adventsangebote\/\" style=\"background-image: url(https:\/\/www.weingut-im-moselkrampen.de\/wp-content\/uploads\/2021\/11\/Unbenannt-272x182.png)\">\n\t\t\t\t\t\t<\/a>\n\t\t\t\t\t\t\t\t\t<\/div>\n\t\t\t\t\t\t\t\t<h3><a href=\"https:\/\/www.weingut-im-moselkrampen.de\/de_de\/2021\/11\/30\/adventsangebote\/\">Adventsangebote<\/a><\/h3>\n\t\t\t<\/li>\n\t\t\t\t\t<li class=\"carousel-entry\">\n\t\t\t\t<div class=\"thumbnail\">\n\t\t\t\t\t\t\t\t\t\t\t\t\t\t\t\t<a href=\"https:\/\/www.weingut-im-moselkrampen.de\/de_de\/2021\/08\/25\/die-neuen-weine-sind-abgefuellt\/\" style=\"background-image: url(https:\/\/www.weingut-im-moselkrampen.de\/wp-content\/uploads\/2021\/08\/Unbenannt-272x182.png)\">\n\t\t\t\t\t\t<\/a>\n\t\t\t\t\t\t\t\t\t<\/div>\n\t\t\t\t\t\t\t\t<h3><a href=\"https:\/\/www.weingut-im-moselkrampen.de\/de_de\/2021\/08\/25\/die-neuen-weine-sind-abgefuellt\/\">Die neuen Weine sind abgef\u00fcllt!<\/a><\/h3>\n\t\t\t<\/li>\n\t\t\t\t\t<li class=\"carousel-entry\">\n\t\t\t\t<div class=\"thumbnail\">\n\t\t\t\t\t\t\t\t\t\t\t\t\t\t\t\t<a href=\"https:\/\/www.weingut-im-moselkrampen.de\/de_de\/2021\/06\/15\/mia-ist-da\/\" style=\"background-image: url(https:\/\/www.weingut-im-moselkrampen.de\/wp-content\/uploads\/2021\/06\/WhatsApp-Image-2021-06-15-at-09.59.11-272x182.jpeg)\">\n\t\t\t\t\t\t<\/a>\n\t\t\t\t\t\t\t\t\t<\/div>\n\t\t\t\t\t\t\t\t<h3><a href=\"https:\/\/www.weingut-im-moselkrampen.de\/de_de\/2021\/06\/15\/mia-ist-da\/\">Mia ist da!<\/a><\/h3>\n\t\t\t<\/li>\n\t\t\t\t\t<li class=\"carousel-entry\">\n\t\t\t\t<div class=\"thumbnail\">\n\t\t\t\t\t\t\t\t\t\t\t\t\t\t\t\t<a href=\"https:\/\/www.weingut-im-moselkrampen.de\/de_de\/2021\/05\/13\/wir-oeffnen-wieder\/\" style=\"background-image: url(https:\/\/www.weingut-im-moselkrampen.de\/wp-content\/uploads\/2021\/05\/Ellenz-272x182.jpg)\">\n\t\t\t\t\t\t<\/a>\n\t\t\t\t\t\t\t\t\t<\/div>\n\t\t\t\t\t\t\t\t<h3><a href=\"https:\/\/www.weingut-im-moselkrampen.de\/de_de\/2021\/05\/13\/wir-oeffnen-wieder\/\">Wir \u00f6ffnen zum 13.05.2021!<\/a><\/h3>\n\t\t\t<\/li>\n\t\t\t<\/ul>\n<\/div>\n<\/div><\/div><\/div><\/div>","protected":false},"excerpt":{"rendered":"<p>Der Moselkrampen ist ein wundersch\u00f6nes Fleckchen Erde mit traumhafter Landschaft und vielen Ausflugsm\u00f6glichkeiten, die auf Sie warten. Ob Sie Cochem, Beilstein oder Trier besuchen, oder lieber die zahlreichen Rad- und Wanderwege ausprobieren m\u00f6chten, die Mosel hat f\u00fcr jeden etwas zu bieten. Doch wir Moselaner wissen: Erst mit einem Gl\u00e4schen Moselwein l\u00e4sst sich die entspannte Atmosph\u00e4re [&hellip;]<\/p>\n","protected":false},"author":1,"featured_media":0,"parent":0,"menu_order":0,"comment_status":"closed","ping_status":"closed","template":"templates\/template-full.php","meta":{"footnotes":""},"class_list":["post-11","page","type-page","status-publish","hentry","post"],"_links":{"self":[{"href":"https:\/\/www.weingut-im-moselkrampen.de\/de_de\/wp-json\/wp\/v2\/pages\/11","targetHints":{"allow":["GET"]}}],"collection":[{"href":"https:\/\/www.weingut-im-moselkrampen.de\/de_de\/wp-json\/wp\/v2\/pages"}],"about":[{"href":"https:\/\/www.weingut-im-moselkrampen.de\/de_de\/wp-json\/wp\/v2\/types\/page"}],"author":[{"embeddable":true,"href":"https:\/\/www.weingut-im-moselkrampen.de\/de_de\/wp-json\/wp\/v2\/users\/1"}],"replies":[{"embeddable":true,"href":"https:\/\/www.weingut-im-moselkrampen.de\/de_de\/wp-json\/wp\/v2\/comments?post=11"}],"version-history":[{"count":28,"href":"https:\/\/www.weingut-im-moselkrampen.de\/de_de\/wp-json\/wp\/v2\/pages\/11\/revisions"}],"predecessor-version":[{"id":3280,"href":"https:\/\/www.weingut-im-moselkrampen.de\/de_de\/wp-json\/wp\/v2\/pages\/11\/revisions\/3280"}],"wp:attachment":[{"href":"https:\/\/www.weingut-im-moselkrampen.de\/de_de\/wp-json\/wp\/v2\/media?parent=11"}],"curies":[{"name":"wp","href":"https:\/\/api.w.org\/{rel}","templated":true}]}}