{"id":1483,"date":"2020-06-16T16:35:21","date_gmt":"2020-06-16T14:35:21","guid":{"rendered":"http:\/\/www.weingut-im-moselkrampen.de\/?page_id=1483"},"modified":"2021-08-16T12:43:54","modified_gmt":"2021-08-16T10:43:54","slug":"willkommen","status":"publish","type":"page","link":"https:\/\/www.weingut-im-moselkrampen.de\/de_de\/willkommen\/","title":{"rendered":"Willkommen in unserem Ferienhaus im Moselkrampen!"},"content":{"rendered":"<div id=\"pl-1483\"  class=\"panel-layout\" ><div id=\"pg-1483-0\"  class=\"panel-grid panel-no-style\" ><div id=\"pgc-1483-0-0\"  class=\"panel-grid-cell\" ><div id=\"panel-1483-0-0-0\" class=\"so-panel widget widget_sow-editor panel-first-child panel-last-child\" data-index=\"0\" ><div\n\t\t\t\n\t\t\tclass=\"so-widget-sow-editor so-widget-sow-editor-base\"\n\t\t\t\n\t\t><h3 class=\"widget-title\">Willkommen in unserem Ferienhaus im Moselkrampen!<\/h3>\n<div class=\"siteorigin-widget-tinymce textwidget\">\n\t<p style=\"text-align: center;\">Hier finden Sie mehr Information zu unserem Haus und seiner Ausstattung. F\u00fcr eine besonders schnelle Orientierung nutzen Sie auch gerne unsere <strong>Suchfunktion<\/strong> in der Kopfzeile.<\/p>\n<p style=\"text-align: center;\">Bei allen Fragen und Anregungen stehen wir gerne zur Verf\u00fcgung!<\/p>\n<p style=\"text-align: center;\">Unser gro\u00dfer <strong>Garten<\/strong> mit Sonnenterrasse und unsere gem\u00fctliche Bacchus-Ecke l\u00e4dt Sie ein zum Verweilen und zum Genie\u00dfen eines hauseigenen Weines. Au\u00dferdem steht hier ein Holzgrill f\u00fcr Sie bereit.<\/p>\n<p style=\"text-align: center;\">Unser gut gef\u00fcllter <strong>Weink\u00fchlschrank<\/strong> befindet sich im Erdgeschoss. Sie k\u00f6nnen unsere vielf\u00e4ltigen Weine probieren, bestellen oder mitnehmen.<\/p>\n<p style=\"text-align: center;\">Der <strong>Parkplatz<\/strong> auf der S\u00fcdseite des Hauses steht allen G\u00e4sten kostenlos zur Verf\u00fcgung.<\/p>\n<p style=\"text-align: center;\">Wir freuen uns, dass Sie zu uns gefunden haben und w\u00fcnschen Ihnen einen angenehmen Aufenthalt!<\/p>\n<\/div>\n<\/div><\/div><\/div><div id=\"pgc-1483-0-1\"  class=\"panel-grid-cell\" ><div id=\"panel-1483-0-1-0\" class=\"so-panel widget widget_nav_menu panel-first-child panel-last-child\" data-index=\"1\" ><div class=\"menu-hausmenue-container\"><ul id=\"menu-hausmenue\" class=\"menu\"><li id=\"menu-item-1568\" class=\"menu-item menu-item-type-post_type menu-item-object-page menu-item-1568\"><a href=\"https:\/\/www.weingut-im-moselkrampen.de\/de_de\/willkommen\/\">Willkommen in unserem Ferienhaus im Moselkrampen!<\/a><\/li>\n<li id=\"menu-item-1567\" class=\"menu-item menu-item-type-post_type menu-item-object-page menu-item-1567\"><a href=\"https:\/\/www.weingut-im-moselkrampen.de\/de_de\/wein-probieren-mitnehmen-bestellen\/\">Wein probieren, mitnehmen, bestellen<\/a><\/li>\n<li id=\"menu-item-1566\" class=\"menu-item menu-item-type-post_type menu-item-object-page menu-item-1566\"><a href=\"https:\/\/www.weingut-im-moselkrampen.de\/de_de\/kontakt-2\/\">Kontaktieren Sie uns<\/a><\/li>\n<li id=\"menu-item-1565\" class=\"menu-item menu-item-type-post_type menu-item-object-page menu-item-1565\"><a href=\"https:\/\/www.weingut-im-moselkrampen.de\/de_de\/check-in-und-check-out\/\">Check-in und Check-out<\/a><\/li>\n<li id=\"menu-item-1564\" class=\"menu-item menu-item-type-post_type menu-item-object-page menu-item-1564\"><a href=\"https:\/\/www.weingut-im-moselkrampen.de\/de_de\/fruehstueck\/\">Fr\u00fchst\u00fcck<\/a><\/li>\n<li id=\"menu-item-1563\" class=\"menu-item menu-item-type-post_type menu-item-object-page menu-item-1563\"><a href=\"https:\/\/www.weingut-im-moselkrampen.de\/de_de\/ausflugsmoeglichkeiten-und-veranstaltungen\/\">Ausflugsm\u00f6glichkeiten und Veranstaltungen<\/a><\/li>\n<li id=\"menu-item-1562\" class=\"menu-item menu-item-type-post_type menu-item-object-page menu-item-1562\"><a href=\"https:\/\/www.weingut-im-moselkrampen.de\/de_de\/einkaufsmoeglichkeiten\/\">Einkaufsm\u00f6glichkeiten<\/a><\/li>\n<li id=\"menu-item-1561\" class=\"menu-item menu-item-type-post_type menu-item-object-page menu-item-1561\"><a href=\"https:\/\/www.weingut-im-moselkrampen.de\/de_de\/busfahren\/\">Busfahren<\/a><\/li>\n<li id=\"menu-item-1560\" class=\"menu-item menu-item-type-post_type menu-item-object-page menu-item-1560\"><a href=\"https:\/\/www.weingut-im-moselkrampen.de\/de_de\/muelltonnen\/\">M\u00fclltonnen<\/a><\/li>\n<li id=\"menu-item-1559\" class=\"menu-item menu-item-type-post_type menu-item-object-page menu-item-1559\"><a href=\"https:\/\/www.weingut-im-moselkrampen.de\/de_de\/fahrraeder-unterstellen-oder-ausleihen\/\">Fahrr\u00e4der unterstellen oder ausleihen<\/a><\/li>\n<\/ul><\/div><\/div><\/div><\/div><\/div>","protected":false},"excerpt":{"rendered":"<p>Hier finden Sie mehr Information zu unserem Haus und seiner Ausstattung. F\u00fcr eine besonders schnelle Orientierung nutzen Sie auch gerne unsere Suchfunktion in der Kopfzeile. Bei allen Fragen und Anregungen stehen wir gerne zur Verf\u00fcgung! Unser gro\u00dfer Garten mit Sonnenterrasse und unsere gem\u00fctliche Bacchus-Ecke l\u00e4dt Sie ein zum Verweilen und zum Genie\u00dfen eines hauseigenen Weines. [&hellip;]<\/p>\n","protected":false},"author":3,"featured_media":0,"parent":0,"menu_order":0,"comment_status":"closed","ping_status":"closed","template":"","meta":{"footnotes":""},"class_list":["post-1483","page","type-page","status-publish","hentry","post"],"_links":{"self":[{"href":"https:\/\/www.weingut-im-moselkrampen.de\/de_de\/wp-json\/wp\/v2\/pages\/1483","targetHints":{"allow":["GET"]}}],"collection":[{"href":"https:\/\/www.weingut-im-moselkrampen.de\/de_de\/wp-json\/wp\/v2\/pages"}],"about":[{"href":"https:\/\/www.weingut-im-moselkrampen.de\/de_de\/wp-json\/wp\/v2\/types\/page"}],"author":[{"embeddable":true,"href":"https:\/\/www.weingut-im-moselkrampen.de\/de_de\/wp-json\/wp\/v2\/users\/3"}],"replies":[{"embeddable":true,"href":"https:\/\/www.weingut-im-moselkrampen.de\/de_de\/wp-json\/wp\/v2\/comments?post=1483"}],"version-history":[{"count":5,"href":"https:\/\/www.weingut-im-moselkrampen.de\/de_de\/wp-json\/wp\/v2\/pages\/1483\/revisions"}],"predecessor-version":[{"id":2109,"href":"https:\/\/www.weingut-im-moselkrampen.de\/de_de\/wp-json\/wp\/v2\/pages\/1483\/revisions\/2109"}],"wp:attachment":[{"href":"https:\/\/www.weingut-im-moselkrampen.de\/de_de\/wp-json\/wp\/v2\/media?parent=1483"}],"curies":[{"name":"wp","href":"https:\/\/api.w.org\/{rel}","templated":true}]}}