{"id":1501,"date":"2020-06-16T17:08:50","date_gmt":"2020-06-16T15:08:50","guid":{"rendered":"http:\/\/www.weingut-im-moselkrampen.de\/?page_id=1501"},"modified":"2025-02-06T14:10:37","modified_gmt":"2025-02-06T13:10:37","slug":"muelltonnen","status":"publish","type":"page","link":"https:\/\/www.weingut-im-moselkrampen.de\/de_de\/muelltonnen\/","title":{"rendered":"M\u00fclltonnen"},"content":{"rendered":"<div id=\"pl-1501\"  class=\"panel-layout\" ><div id=\"pg-1501-0\"  class=\"panel-grid panel-no-style\" ><div id=\"pgc-1501-0-0\"  class=\"panel-grid-cell\" ><div id=\"panel-1501-0-0-0\" class=\"so-panel widget widget_sow-editor panel-first-child panel-last-child\" data-index=\"0\" ><div\n\t\t\t\n\t\t\tclass=\"so-widget-sow-editor so-widget-sow-editor-base\"\n\t\t\t\n\t\t><h3 class=\"widget-title\">M\u00fclltonnen<\/h3>\n<div class=\"siteorigin-widget-tinymce textwidget\">\n\t<p style=\"text-align: center;\">Unsere M\u00fclltonnen befinden sich in der <strong>Garage<\/strong><b> gekennzeichnet mit dem \"Recycling\" - Zeichen<\/b>. Bitte denken Sie, immer an die M\u00fclltrennung und helfen Sie unsere Natur zu sch\u00fctzen!<\/p>\n<p style=\"text-align: center;\"><strong><u>Wertstofftonne (Blau-Gelb)<\/u><\/strong><\/p>\n<p style=\"text-align: center;\">Verpackungen, Milchkartons, Plastik, Konservendosendosen etc.<\/p>\n<p style=\"text-align: center;\"><strong><u> Papiertonne (Blau)<\/u><\/strong><\/p>\n<p style=\"text-align: center;\">Papier, Pappe<\/p>\n<p style=\"text-align: center;\"><strong><u>Restm\u00fclltonne (Schwarz)<\/u><\/strong><\/p>\n<p style=\"text-align: center;\">Ausschlie\u00dflich Nicht-Recyclebares<\/p>\n<p style=\"text-align: center;\">Aschenbecherinhalte, Gl\u00fchbirnen, Katzenstreu etc.<\/p>\n<p style=\"text-align: center;\"><strong><u>Bio-Tonne (Braun)<\/u><\/strong><\/p>\n<p style=\"text-align: center;\">Gr\u00fcngut, Lebensmittelreste, Tee- und Kaffeefilter, K\u00fcchenpapier etc.<\/p>\n<\/div>\n<\/div><\/div><\/div><div id=\"pgc-1501-0-1\"  class=\"panel-grid-cell\" ><div id=\"panel-1501-0-1-0\" class=\"so-panel widget widget_nav_menu panel-first-child panel-last-child\" data-index=\"1\" ><div class=\"menu-hausmenue-container\"><ul id=\"menu-hausmenue\" class=\"menu\"><li id=\"menu-item-1568\" class=\"menu-item menu-item-type-post_type menu-item-object-page menu-item-1568\"><a href=\"https:\/\/www.weingut-im-moselkrampen.de\/de_de\/willkommen\/\">Willkommen in unserem Ferienhaus im Moselkrampen!<\/a><\/li>\n<li id=\"menu-item-1567\" class=\"menu-item menu-item-type-post_type menu-item-object-page menu-item-1567\"><a href=\"https:\/\/www.weingut-im-moselkrampen.de\/de_de\/wein-probieren-mitnehmen-bestellen\/\">Wein probieren, mitnehmen, bestellen<\/a><\/li>\n<li id=\"menu-item-1566\" class=\"menu-item menu-item-type-post_type menu-item-object-page menu-item-1566\"><a href=\"https:\/\/www.weingut-im-moselkrampen.de\/de_de\/kontakt-2\/\">Kontaktieren Sie uns<\/a><\/li>\n<li id=\"menu-item-1565\" class=\"menu-item menu-item-type-post_type menu-item-object-page menu-item-1565\"><a href=\"https:\/\/www.weingut-im-moselkrampen.de\/de_de\/check-in-und-check-out\/\">Check-in und Check-out<\/a><\/li>\n<li id=\"menu-item-1564\" class=\"menu-item menu-item-type-post_type menu-item-object-page menu-item-1564\"><a href=\"https:\/\/www.weingut-im-moselkrampen.de\/de_de\/fruehstueck\/\">Fr\u00fchst\u00fcck<\/a><\/li>\n<li id=\"menu-item-1563\" class=\"menu-item menu-item-type-post_type menu-item-object-page menu-item-1563\"><a href=\"https:\/\/www.weingut-im-moselkrampen.de\/de_de\/ausflugsmoeglichkeiten-und-veranstaltungen\/\">Ausflugsm\u00f6glichkeiten und Veranstaltungen<\/a><\/li>\n<li id=\"menu-item-1562\" class=\"menu-item menu-item-type-post_type menu-item-object-page menu-item-1562\"><a href=\"https:\/\/www.weingut-im-moselkrampen.de\/de_de\/einkaufsmoeglichkeiten\/\">Einkaufsm\u00f6glichkeiten<\/a><\/li>\n<li id=\"menu-item-1561\" class=\"menu-item menu-item-type-post_type menu-item-object-page menu-item-1561\"><a href=\"https:\/\/www.weingut-im-moselkrampen.de\/de_de\/busfahren\/\">Busfahren<\/a><\/li>\n<li id=\"menu-item-1560\" class=\"menu-item menu-item-type-post_type menu-item-object-page menu-item-1560\"><a href=\"https:\/\/www.weingut-im-moselkrampen.de\/de_de\/muelltonnen\/\">M\u00fclltonnen<\/a><\/li>\n<li id=\"menu-item-1559\" class=\"menu-item menu-item-type-post_type menu-item-object-page menu-item-1559\"><a href=\"https:\/\/www.weingut-im-moselkrampen.de\/de_de\/fahrraeder-unterstellen-oder-ausleihen\/\">Fahrr\u00e4der unterstellen oder ausleihen<\/a><\/li>\n<\/ul><\/div><\/div><\/div><\/div><\/div>","protected":false},"excerpt":{"rendered":"<p>Unsere M\u00fclltonnen befinden sich in der Garage gekennzeichnet mit dem &#8222;Recycling&#8220; &#8211; Zeichen. Bitte denken Sie, immer an die M\u00fclltrennung und helfen Sie unsere Natur zu sch\u00fctzen! Wertstofftonne (Blau-Gelb) Verpackungen, Milchkartons, Plastik, Konservendosendosen etc. Papiertonne (Blau) Papier, Pappe Restm\u00fclltonne (Schwarz) Ausschlie\u00dflich Nicht-Recyclebares Aschenbecherinhalte, Gl\u00fchbirnen, Katzenstreu etc. Bio-Tonne (Braun) Gr\u00fcngut, Lebensmittelreste, Tee- und Kaffeefilter, K\u00fcchenpapier etc.<\/p>\n","protected":false},"author":3,"featured_media":0,"parent":0,"menu_order":0,"comment_status":"closed","ping_status":"closed","template":"","meta":{"footnotes":""},"class_list":["post-1501","page","type-page","status-publish","hentry","post"],"_links":{"self":[{"href":"https:\/\/www.weingut-im-moselkrampen.de\/de_de\/wp-json\/wp\/v2\/pages\/1501","targetHints":{"allow":["GET"]}}],"collection":[{"href":"https:\/\/www.weingut-im-moselkrampen.de\/de_de\/wp-json\/wp\/v2\/pages"}],"about":[{"href":"https:\/\/www.weingut-im-moselkrampen.de\/de_de\/wp-json\/wp\/v2\/types\/page"}],"author":[{"embeddable":true,"href":"https:\/\/www.weingut-im-moselkrampen.de\/de_de\/wp-json\/wp\/v2\/users\/3"}],"replies":[{"embeddable":true,"href":"https:\/\/www.weingut-im-moselkrampen.de\/de_de\/wp-json\/wp\/v2\/comments?post=1501"}],"version-history":[{"count":6,"href":"https:\/\/www.weingut-im-moselkrampen.de\/de_de\/wp-json\/wp\/v2\/pages\/1501\/revisions"}],"predecessor-version":[{"id":2819,"href":"https:\/\/www.weingut-im-moselkrampen.de\/de_de\/wp-json\/wp\/v2\/pages\/1501\/revisions\/2819"}],"wp:attachment":[{"href":"https:\/\/www.weingut-im-moselkrampen.de\/de_de\/wp-json\/wp\/v2\/media?parent=1501"}],"curies":[{"name":"wp","href":"https:\/\/api.w.org\/{rel}","templated":true}]}}