{"id":1503,"date":"2020-06-16T17:11:24","date_gmt":"2020-06-16T15:11:24","guid":{"rendered":"http:\/\/www.weingut-im-moselkrampen.de\/?page_id=1503"},"modified":"2025-02-06T14:11:01","modified_gmt":"2025-02-06T13:11:01","slug":"fahrraeder-unterstellen-oder-ausleihen","status":"publish","type":"page","link":"https:\/\/www.weingut-im-moselkrampen.de\/de_de\/fahrraeder-unterstellen-oder-ausleihen\/","title":{"rendered":"Fahrr\u00e4der unterstellen oder ausleihen"},"content":{"rendered":"<div id=\"pl-1503\"  class=\"panel-layout\" ><div id=\"pg-1503-0\"  class=\"panel-grid panel-no-style\" ><div id=\"pgc-1503-0-0\"  class=\"panel-grid-cell\" ><div id=\"panel-1503-0-0-0\" class=\"so-panel widget widget_sow-editor panel-first-child panel-last-child\" data-index=\"0\" ><div\n\t\t\t\n\t\t\tclass=\"so-widget-sow-editor so-widget-sow-editor-base\"\n\t\t\t\n\t\t><h3 class=\"widget-title\">Fahrr\u00e4der unterstellen oder ausleihen<\/h3>\n<div class=\"siteorigin-widget-tinymce textwidget\">\n\t<p>Ihre mitgebrachten Fahrr\u00e4der d\u00fcrfen Sie gerne bei uns in der Fahrradgarage abstellen, gekennzeichnet mit einem blauen Schild <strong>\u201eP Fahrr\u00e4der\u201c<\/strong>. Ladestationen f\u00fcr E-Bikes sind ebenfalls\u00a0vorhanden.<\/p>\n<p>Die Fahrradgarage k\u00f6nnen Sie ganz einfach mit Ihrem Apartmentschl\u00fcssel auf- und abschlie\u00dfen.<\/p>\n<\/div>\n<\/div><\/div><\/div><div id=\"pgc-1503-0-1\"  class=\"panel-grid-cell\" ><div id=\"panel-1503-0-1-0\" class=\"so-panel widget widget_nav_menu panel-first-child panel-last-child\" data-index=\"1\" ><div class=\"menu-hausmenue-container\"><ul id=\"menu-hausmenue\" class=\"menu\"><li id=\"menu-item-1568\" class=\"menu-item menu-item-type-post_type menu-item-object-page menu-item-1568\"><a href=\"https:\/\/www.weingut-im-moselkrampen.de\/de_de\/willkommen\/\">Willkommen in unserem Ferienhaus im Moselkrampen!<\/a><\/li>\n<li id=\"menu-item-1567\" class=\"menu-item menu-item-type-post_type menu-item-object-page menu-item-1567\"><a href=\"https:\/\/www.weingut-im-moselkrampen.de\/de_de\/wein-probieren-mitnehmen-bestellen\/\">Wein probieren, mitnehmen, bestellen<\/a><\/li>\n<li id=\"menu-item-1566\" class=\"menu-item menu-item-type-post_type menu-item-object-page menu-item-1566\"><a href=\"https:\/\/www.weingut-im-moselkrampen.de\/de_de\/kontakt-2\/\">Kontaktieren Sie uns<\/a><\/li>\n<li id=\"menu-item-1565\" class=\"menu-item menu-item-type-post_type menu-item-object-page menu-item-1565\"><a href=\"https:\/\/www.weingut-im-moselkrampen.de\/de_de\/check-in-und-check-out\/\">Check-in und Check-out<\/a><\/li>\n<li id=\"menu-item-1564\" class=\"menu-item menu-item-type-post_type menu-item-object-page menu-item-1564\"><a href=\"https:\/\/www.weingut-im-moselkrampen.de\/de_de\/fruehstueck\/\">Fr\u00fchst\u00fcck<\/a><\/li>\n<li id=\"menu-item-1563\" class=\"menu-item menu-item-type-post_type menu-item-object-page menu-item-1563\"><a href=\"https:\/\/www.weingut-im-moselkrampen.de\/de_de\/ausflugsmoeglichkeiten-und-veranstaltungen\/\">Ausflugsm\u00f6glichkeiten und Veranstaltungen<\/a><\/li>\n<li id=\"menu-item-1562\" class=\"menu-item menu-item-type-post_type menu-item-object-page menu-item-1562\"><a href=\"https:\/\/www.weingut-im-moselkrampen.de\/de_de\/einkaufsmoeglichkeiten\/\">Einkaufsm\u00f6glichkeiten<\/a><\/li>\n<li id=\"menu-item-1561\" class=\"menu-item menu-item-type-post_type menu-item-object-page menu-item-1561\"><a href=\"https:\/\/www.weingut-im-moselkrampen.de\/de_de\/busfahren\/\">Busfahren<\/a><\/li>\n<li id=\"menu-item-1560\" class=\"menu-item menu-item-type-post_type menu-item-object-page menu-item-1560\"><a href=\"https:\/\/www.weingut-im-moselkrampen.de\/de_de\/muelltonnen\/\">M\u00fclltonnen<\/a><\/li>\n<li id=\"menu-item-1559\" class=\"menu-item menu-item-type-post_type menu-item-object-page menu-item-1559\"><a href=\"https:\/\/www.weingut-im-moselkrampen.de\/de_de\/fahrraeder-unterstellen-oder-ausleihen\/\">Fahrr\u00e4der unterstellen oder ausleihen<\/a><\/li>\n<\/ul><\/div><\/div><\/div><\/div><\/div>","protected":false},"excerpt":{"rendered":"<p>Ihre mitgebrachten Fahrr\u00e4der d\u00fcrfen Sie gerne bei uns in der Fahrradgarage abstellen, gekennzeichnet mit einem blauen Schild \u201eP Fahrr\u00e4der\u201c. Ladestationen f\u00fcr E-Bikes sind ebenfalls\u00a0vorhanden. Die Fahrradgarage k\u00f6nnen Sie ganz einfach mit Ihrem Apartmentschl\u00fcssel auf- und abschlie\u00dfen.<\/p>\n","protected":false},"author":3,"featured_media":0,"parent":0,"menu_order":0,"comment_status":"closed","ping_status":"closed","template":"","meta":{"footnotes":""},"class_list":["post-1503","page","type-page","status-publish","hentry","post"],"_links":{"self":[{"href":"https:\/\/www.weingut-im-moselkrampen.de\/de_de\/wp-json\/wp\/v2\/pages\/1503","targetHints":{"allow":["GET"]}}],"collection":[{"href":"https:\/\/www.weingut-im-moselkrampen.de\/de_de\/wp-json\/wp\/v2\/pages"}],"about":[{"href":"https:\/\/www.weingut-im-moselkrampen.de\/de_de\/wp-json\/wp\/v2\/types\/page"}],"author":[{"embeddable":true,"href":"https:\/\/www.weingut-im-moselkrampen.de\/de_de\/wp-json\/wp\/v2\/users\/3"}],"replies":[{"embeddable":true,"href":"https:\/\/www.weingut-im-moselkrampen.de\/de_de\/wp-json\/wp\/v2\/comments?post=1503"}],"version-history":[{"count":4,"href":"https:\/\/www.weingut-im-moselkrampen.de\/de_de\/wp-json\/wp\/v2\/pages\/1503\/revisions"}],"predecessor-version":[{"id":2820,"href":"https:\/\/www.weingut-im-moselkrampen.de\/de_de\/wp-json\/wp\/v2\/pages\/1503\/revisions\/2820"}],"wp:attachment":[{"href":"https:\/\/www.weingut-im-moselkrampen.de\/de_de\/wp-json\/wp\/v2\/media?parent=1503"}],"curies":[{"name":"wp","href":"https:\/\/api.w.org\/{rel}","templated":true}]}}