{"id":2,"date":"2016-10-12T10:40:53","date_gmt":"2016-10-12T08:40:53","guid":{"rendered":"http:\/\/www.weingut-im-moselkrampen.de\/?page_id=2"},"modified":"2021-08-22T11:50:17","modified_gmt":"2021-08-22T09:50:17","slug":"unsere-weine","status":"publish","type":"page","link":"https:\/\/www.weingut-im-moselkrampen.de\/de_de\/unsere-weine\/","title":{"rendered":"Weingut"},"content":{"rendered":"<div id=\"pl-2\"  class=\"panel-layout\" ><div id=\"pg-2-0\"  class=\"panel-grid panel-no-style\" ><div id=\"pgc-2-0-0\"  class=\"panel-grid-cell\" ><div id=\"panel-2-0-0-0\" class=\"so-panel widget widget_sow-editor panel-first-child panel-last-child\" data-index=\"0\" ><div\n\t\t\t\n\t\t\tclass=\"so-widget-sow-editor so-widget-sow-editor-base\"\n\t\t\t\n\t\t>\n<div class=\"siteorigin-widget-tinymce textwidget\">\n\t<h2 style=\"text-align: center;\"><strong>Unsere Produkte<\/strong><\/h2>\n<\/div>\n<\/div><\/div><\/div><\/div><div id=\"pg-2-1\"  class=\"panel-grid panel-no-style\" ><div id=\"pgc-2-1-0\"  class=\"panel-grid-cell\" ><div id=\"panel-2-1-0-0\" class=\"so-panel widget widget_circleicon-widget panel-first-child panel-last-child\" data-index=\"1\" >\t\t<div class=\"circle-icon-box circle-icon-position-top circle-icon-hide-box circle-icon-size-small \">\n\t\t\t\t\t\t\t<div class=\"circle-icon-wrapper\">\n\t\t\t\t\t\t\t\t\t\t<a href=\"https:\/\/www.weingut-im-moselkrampen.de\/weine\" class=\"link-icon\" >\t\t\t\t\t<div class=\"circle-icon icon-style-set\" style=\"background-image: url(https:\/\/www.weingut-im-moselkrampen.de\/weine)\">\n\t\t\t\t\t\t\t\t\t\t\t\t\t<div class=\"fa fa-glass\" style=\"color: #eaff4f\"><\/div>\n\t\t\t\t\t\t\t\t\t\t\t<\/div>\n\t\t\t\t\t<\/a>\t\t\t\t<\/div>\n\t\t\t\n\t\t\t\t\t\t\t<a href=\"https:\/\/www.weingut-im-moselkrampen.de\/weine\" class=\"link-title\" >\n\t\t\t\t\t\t\t\t\t\t<h4 >\n\t\t\t\t\tWeine\t\t\t\t<\/h4>\n\t\t\t\t\t\t\t\t\t\t<\/a>\n\t\t\t\n\t\t\t\t\t\t\t\t\t\t<a\n\t\t\t\t\thref=\"https:\/\/www.weingut-im-moselkrampen.de\/weine\"\n\t\t\t\t\tclass=\"more-button\"\n\t\t\t\t\t\t\t\t\t\t\t\t\t\t>\n\t\t\t\t\tmehr <i><\/i>\n\t\t\t\t<\/a>\n\t\t\t\t\t<\/div>\n\t\t<\/div><\/div><div id=\"pgc-2-1-1\"  class=\"panel-grid-cell\" ><div id=\"panel-2-1-1-0\" class=\"so-panel widget widget_circleicon-widget panel-first-child panel-last-child\" data-index=\"2\" >\t\t<div class=\"circle-icon-box circle-icon-position-top circle-icon-hide-box circle-icon-size-small \">\n\t\t\t\t\t\t\t<div class=\"circle-icon-wrapper\">\n\t\t\t\t\t\t\t\t\t\t<a href=\"https:\/\/www.weingut-im-moselkrampen.de\/schnaps\" class=\"link-icon\" >\t\t\t\t\t<div class=\"circle-icon icon-style-set\" style=\"background-image: url(https:\/\/www.weingut-im-moselkrampen.de\/schnaps)\">\n\t\t\t\t\t\t\t\t\t\t\t\t\t<div class=\"fa fa-glass\" style=\"color: #ffffff\"><\/div>\n\t\t\t\t\t\t\t\t\t\t\t<\/div>\n\t\t\t\t\t<\/a>\t\t\t\t<\/div>\n\t\t\t\n\t\t\t\t\t\t\t<a href=\"https:\/\/www.weingut-im-moselkrampen.de\/schnaps\" class=\"link-title\" >\n\t\t\t\t\t\t\t\t\t\t<h4 >\n\t\t\t\t\tBr\u00e4nde und Lik\u00f6re\t\t\t\t<\/h4>\n\t\t\t\t\t\t\t\t\t\t<\/a>\n\t\t\t\n\t\t\t\t\t\t\t\t\t\t<a\n\t\t\t\t\thref=\"https:\/\/www.weingut-im-moselkrampen.de\/schnaps\"\n\t\t\t\t\tclass=\"more-button\"\n\t\t\t\t\t\t\t\t\t\t\t\t\t\t>\n\t\t\t\t\tmehr <i><\/i>\n\t\t\t\t<\/a>\n\t\t\t\t\t<\/div>\n\t\t<\/div><\/div><\/div><div id=\"pg-2-2\"  class=\"panel-grid panel-no-style\" ><div id=\"pgc-2-2-0\"  class=\"panel-grid-cell\" ><div id=\"panel-2-2-0-0\" class=\"so-panel widget widget_sow-editor panel-first-child panel-last-child\" data-index=\"3\" ><div\n\t\t\t\n\t\t\tclass=\"so-widget-sow-editor so-widget-sow-editor-base\"\n\t\t\t\n\t\t><h3 class=\"widget-title\">Unser Weingut<\/h3>\n<div class=\"siteorigin-widget-tinymce textwidget\">\n\t<p style=\"text-align: left;\">Wenn bei uns zu Hause die T\u00fcren offenstehen, aber auf den ersten Blick niemand da ist, kann es gut sein, dass wir uns im Weinkeller um die Weiterverarbeitung des Weins<\/p>\n<p><img loading=\"lazy\" decoding=\"async\" class=\"size-medium wp-image-46 alignright\" src=\"http:\/\/www.weingut-im-moselkrampen.de\/wp-content\/uploads\/2016\/10\/im-keller-225x300.jpg\" alt=\"im-keller\" width=\"225\" height=\"300\" srcset=\"https:\/\/www.weingut-im-moselkrampen.de\/wp-content\/uploads\/2016\/10\/im-keller-225x300.jpg 225w, https:\/\/www.weingut-im-moselkrampen.de\/wp-content\/uploads\/2016\/10\/im-keller.jpg 250w\" sizes=\"auto, (max-width: 225px) 100vw, 225px\" \/><\/p>\n<p>k\u00fcmmern. Denn f\u00fcr die Trauben ist es ein weiter Weg von der Kelter bis in die Flasche.<\/p>\n<p>Die Weinproduktion hat an der Mosel eine lange Tradition, auf die wir sehr stolz sind. Deshalb macht es uns auch doppelt Spa\u00df, unser kleines Weingut schon seit mehr als 7 Generationen auf althergebrachte und nat\u00fcrliche Art und Weise zu f\u00fchren. Die vielen Geheimnisse der Weinherstellung werden bei uns von Generation zu Generation weitergegeben.<\/p>\n<p>Unsere Leidenschaft ist naturnaher und individueller Weinbau! So versuchen wir, Altes mit Neuem zu verbinden und dem Wein Raum zur nat\u00fcrlichen Entwicklung zu lassen.<br \/>\nWir arbeiten ausschlie\u00dflich mit traditionellen und bew\u00e4hrten Verfahren, weshalb eine Weinflasche durch viele H\u00e4nde gegangen ist, bevor sie fertig f\u00fcr den Verkauf ist. Unser Ziel ist die Herstellung eines einzigartigen, naturbelassenen Weines, bei dem man die Arbeit und die Leidenschaft, die wir investiert haben, schmeckt.<\/p>\n<p>Unsere Begeisterung und Lebensart spiegeln sich in unseren Weinen wider. Teilen Sie dieses Gef\u00fchl bei einer pers\u00f6nlichen Weinprobe w\u00e4hrend ihrem Urlaub in unserem Ferienhaus oder entdecken Sie Ihren Lieblingswein in unserem Wein-Shop.<\/p>\n<\/div>\n<\/div><\/div><\/div><\/div><div id=\"pg-2-3\"  class=\"panel-grid panel-no-style\" ><div id=\"pgc-2-3-0\"  class=\"panel-grid-cell\" ><div id=\"panel-2-3-0-0\" class=\"so-panel widget widget_woocommerce_product_search woocommerce widget_product_search panel-first-child panel-last-child\" data-index=\"4\" ><h3 class=\"widget-title\">Weinsucher<\/h3><form role=\"search\" method=\"get\" class=\"woocommerce-product-search\" action=\"https:\/\/www.weingut-im-moselkrampen.de\/de_de\/\">\n\t<label class=\"screen-reader-text\" for=\"woocommerce-product-search-field-0\">Suche nach:<\/label>\n\t<input type=\"search\" id=\"woocommerce-product-search-field-0\" class=\"search-field\" placeholder=\"Produkte suchen&hellip;\" value=\"\" name=\"s\" \/>\n\t<button type=\"submit\" value=\"Suche\" class=\"\">Suche<\/button>\n\t<input type=\"hidden\" name=\"post_type\" value=\"product\" \/>\n<\/form>\n<\/div><\/div><\/div><\/div>","protected":false},"excerpt":{"rendered":"<p>Unsere Produkte<\/p>\n","protected":false},"author":1,"featured_media":0,"parent":0,"menu_order":0,"comment_status":"closed","ping_status":"closed","template":"","meta":{"footnotes":""},"class_list":["post-2","page","type-page","status-publish","hentry","post"],"_links":{"self":[{"href":"https:\/\/www.weingut-im-moselkrampen.de\/de_de\/wp-json\/wp\/v2\/pages\/2","targetHints":{"allow":["GET"]}}],"collection":[{"href":"https:\/\/www.weingut-im-moselkrampen.de\/de_de\/wp-json\/wp\/v2\/pages"}],"about":[{"href":"https:\/\/www.weingut-im-moselkrampen.de\/de_de\/wp-json\/wp\/v2\/types\/page"}],"author":[{"embeddable":true,"href":"https:\/\/www.weingut-im-moselkrampen.de\/de_de\/wp-json\/wp\/v2\/users\/1"}],"replies":[{"embeddable":true,"href":"https:\/\/www.weingut-im-moselkrampen.de\/de_de\/wp-json\/wp\/v2\/comments?post=2"}],"version-history":[{"count":38,"href":"https:\/\/www.weingut-im-moselkrampen.de\/de_de\/wp-json\/wp\/v2\/pages\/2\/revisions"}],"predecessor-version":[{"id":2122,"href":"https:\/\/www.weingut-im-moselkrampen.de\/de_de\/wp-json\/wp\/v2\/pages\/2\/revisions\/2122"}],"wp:attachment":[{"href":"https:\/\/www.weingut-im-moselkrampen.de\/de_de\/wp-json\/wp\/v2\/media?parent=2"}],"curies":[{"name":"wp","href":"https:\/\/api.w.org\/{rel}","templated":true}]}}