{"id":3283,"date":"2026-03-20T03:35:32","date_gmt":"2026-03-20T02:35:32","guid":{"rendered":"https:\/\/www.weingut-im-moselkrampen.de\/?page_id=3283"},"modified":"2026-03-20T03:36:36","modified_gmt":"2026-03-20T02:36:36","slug":"impressum","status":"publish","type":"page","link":"https:\/\/www.weingut-im-moselkrampen.de\/de_de\/impressum\/","title":{"rendered":"Impressum"},"content":{"rendered":"<p data-path-to-node=\"5\"><b data-path-to-node=\"5\" data-index-in-node=\"0\">Angaben gem\u00e4\u00df \u00a7 5 TMG<\/b><\/p>\n<p data-path-to-node=\"6\">Sebasti\u00e1n Frontanilla<br \/>\nFerienhaus Moselkrampen<br \/>\nAm Stausee 3<br \/>\n56821 Ellenz<\/p>\n<p data-path-to-node=\"7\"><b data-path-to-node=\"7\" data-index-in-node=\"0\">Kontakt<\/b><br \/>\nTelefon: 02673 9080998 Mobil \/ WhatsApp: +49 157 82036822<br \/>\nE-Mail: kontakt@weingut-im-moselkrampen.de<\/p>\n<p data-path-to-node=\"9\"><b data-path-to-node=\"9\" data-index-in-node=\"0\">Redaktionell verantwortlich<\/b> Verantwortlich f\u00fcr den Inhalt nach \u00a7 18 Abs. 2 MStV: Sebasti\u00e1n Frontanilla Am Stausee 3 56821 Ellenz<\/p>\n<p data-path-to-node=\"10\"><b data-path-to-node=\"10\" data-index-in-node=\"0\">EU-Streitschlichtung<\/b> Die Europ\u00e4ische Kommission stellt eine Plattform zur Online-Streitbeilegung (OS) bereit: <a class=\"ng-star-inserted\" href=\"https:\/\/ec.europa.eu\/consumers\/odr\/\" target=\"_blank\" rel=\"noopener\" data-hveid=\"0\" data-ved=\"0CAAQ_4QMahgKEwissNqfna2TAxUAAAAAHQAAAAAQ4AQ\">https:\/\/ec.europa.eu\/consumers\/odr\/<\/a>. Unsere E-Mail-Adresse finden Sie oben im Impressum.<\/p>\n<p data-path-to-node=\"11\"><b data-path-to-node=\"11\" data-index-in-node=\"0\">Verbraucherstreitbeilegung \/ Universalschlichtungsstelle<\/b> Wir sind nicht bereit oder verpflichtet, an Streitbeilegungsverfahren vor einer Verbraucherschlichtungsstelle teilzunehmen.<\/p>\n<p data-path-to-node=\"12\"><b data-path-to-node=\"12\" data-index-in-node=\"0\">Haftung f\u00fcr Inhalte<\/b> Als Diensteanbieter sind wir gem\u00e4\u00df \u00a7 7 Abs.1 TMG f\u00fcr eigene Inhalte auf diesen Seiten nach den allgemeinen G<span class=\"citation-1441 citation-end-1441\">esetzen verantwortlich. Nach \u00a7\u00a7 8 bis 10 TMG sind wir als Diensteanbieter jedoch nicht verpflichtet, \u00fcbermittelte oder gespeicherte fremde Informationen zu \u00fcberwachen oder nach Umst\u00e4nden zu forschen, die auf eine rech<\/span>tswidrige T\u00e4tigkeit hinweisen. Verpflichtungen zur Entfernung oder Sperrung der Nutzung von Informationen nach den allgemeinen Gesetzen bleiben hiervon unber\u00fchrt. Eine diesbez\u00fcgliche Haftung ist jedoch erst ab dem Zeitpunkt der Kenntnis einer konkreten Rechtsverletzung m\u00f6glich. Bei Bekanntwerden von entsprechenden Rechtsverletzungen werden wir diese Inhalte umgehend entfernen.<\/p>\n<p data-path-to-node=\"13\"><b data-path-to-node=\"13\" data-index-in-node=\"0\">Haftung f\u00fcr Links<\/b> Unser Angebot enth\u00e4lt Links zu externen Webseiten Dritter, auf deren Inhalte wir keinen Einfluss haben. Desha<span class=\"citation-1440 citation-end-1440\">lb k\u00f6nnen wir f\u00fcr diese fremden Inhalte auch keine Gew\u00e4hr \u00fcbernehmen. F\u00fcr die Inhalte der verlinkten Seiten ist stets der jeweilige Anbieter oder Betreiber der Seiten verantwortlich. Die verlinkten Seiten wurden zum Zeitpunkt der Verlinkung auf m<\/span>\u00f6gliche Rechtsverst\u00f6\u00dfe \u00fcberpr\u00fcft. Rechtswidrige Inhalte waren zum Zeitpunkt der Verlinkung nicht erkennbar. Eine permanente inhaltliche Kontrolle der verlinkten Seiten ist jedoch ohne konkrete Anhaltspunkte einer Rechtsverletzung nicht zumutbar. Bei Bekanntwerden von Rechtsverletzungen werden wir derartige Links umgehend entfernen.<\/p>\n<p id=\"p-rc_d78cb92b51a28520-81\" data-path-to-node=\"14\"><b data-path-to-node=\"14\" data-index-in-node=\"0\">Urheberrecht<\/b> Die durch die Seitenbetreiber erstellten Inhalte und Werke auf diesen Seiten unterliegen dem deutschen <span class=\"citation-1439 citation-end-1439\">Urheberrecht. Die Vervielf\u00e4ltigung, Bearbeitung, Verbreitung und jede Art der Verwertung au\u00dferhalb der Grenzen des Urheberrechtes bed\u00fcrfen der schriftlichen Zustimmung des jeweiligen Autors bzw. Erstellers. Downloads und Kopien dieser S<\/span>eite sind nur f\u00fcr den privaten, nicht kommerziellen Gebrauch gestattet. Soweit die Inhalte auf dieser Seite nicht vom Betreiber erstellt wurden, werden die Urheberrechte Dritter beachtet. Insbesondere werden Inhalte Dritter als solche gekennzeichnet. Sollten Sie trotzdem auf eine Urheberrechtsverletzung aufmerksam werden, bitten wir um einen entsprechenden Hinweis. Bei Bekanntwerden von Rechtsverletzungen werden wir derartige Inhalte umgehend entfernen.<\/p>\n","protected":false},"excerpt":{"rendered":"<p>Angaben gem\u00e4\u00df \u00a7 5 TMG Sebasti\u00e1n Frontanilla Ferienhaus Moselkrampen Am Stausee 3 56821 Ellenz Kontakt Telefon: 02673 9080998 Mobil \/ WhatsApp: +49 157 82036822 E-Mail: kontakt@weingut-im-moselkrampen.de Redaktionell verantwortlich Verantwortlich f\u00fcr den Inhalt nach \u00a7 18 Abs. 2 MStV: Sebasti\u00e1n Frontanilla Am Stausee 3 56821 Ellenz EU-Streitschlichtung Die Europ\u00e4ische Kommission stellt eine Plattform zur Online-Streitbeilegung (OS) [&hellip;]<\/p>\n","protected":false},"author":3,"featured_media":0,"parent":0,"menu_order":0,"comment_status":"closed","ping_status":"closed","template":"","meta":{"footnotes":""},"class_list":["post-3283","page","type-page","status-publish","hentry","post"],"_links":{"self":[{"href":"https:\/\/www.weingut-im-moselkrampen.de\/de_de\/wp-json\/wp\/v2\/pages\/3283","targetHints":{"allow":["GET"]}}],"collection":[{"href":"https:\/\/www.weingut-im-moselkrampen.de\/de_de\/wp-json\/wp\/v2\/pages"}],"about":[{"href":"https:\/\/www.weingut-im-moselkrampen.de\/de_de\/wp-json\/wp\/v2\/types\/page"}],"author":[{"embeddable":true,"href":"https:\/\/www.weingut-im-moselkrampen.de\/de_de\/wp-json\/wp\/v2\/users\/3"}],"replies":[{"embeddable":true,"href":"https:\/\/www.weingut-im-moselkrampen.de\/de_de\/wp-json\/wp\/v2\/comments?post=3283"}],"version-history":[{"count":2,"href":"https:\/\/www.weingut-im-moselkrampen.de\/de_de\/wp-json\/wp\/v2\/pages\/3283\/revisions"}],"predecessor-version":[{"id":3285,"href":"https:\/\/www.weingut-im-moselkrampen.de\/de_de\/wp-json\/wp\/v2\/pages\/3283\/revisions\/3285"}],"wp:attachment":[{"href":"https:\/\/www.weingut-im-moselkrampen.de\/de_de\/wp-json\/wp\/v2\/media?parent=3283"}],"curies":[{"name":"wp","href":"https:\/\/api.w.org\/{rel}","templated":true}]}}