{"id":1462,"date":"2020-06-14T18:36:34","date_gmt":"2020-06-14T16:36:34","guid":{"rendered":"http:\/\/www.weingut-im-moselkrampen.de\/?post_type=product&#038;p=1462"},"modified":"2025-02-06T14:30:24","modified_gmt":"2025-02-06T13:30:24","slug":"2019-momente","status":"publish","type":"product","link":"https:\/\/www.weingut-im-moselkrampen.de\/de_de\/produkt\/2019-momente\/","title":{"rendered":"2019 Momente"},"content":{"rendered":"<h2><strong>2019 Momente<\/strong><\/h2>\n<p><strong>Jahrgang:\u00a0<\/strong> \u00a0 \u00a02019<br \/>\n<strong>Rebsorte:\u00a0<\/strong>\u00a0 \u00a0 Sp\u00e4tburgunder<br \/>\n<strong>Weinart:\u00a0<\/strong> \u00a0 \u00a0Ros\u00e9<br \/>\n<strong>Alkoholgehalt:<\/strong>\u00a0 \u00a0 \u00a011% Vol<br \/>\n<strong>Verg\u00e4rbare Zucker nach Inversion:<\/strong>\u00a0 \u00a0 \u00a08,5 g\/l<br \/>\n<strong>Gesamts\u00e4ure als Weins\u00e4ure:\u00a0 \u00a0 \u00a0<\/strong>6,4 g\/l<br \/>\n<strong>Ausbau:<\/strong>\u00a0 \u00a0 \u00a0trocken<br \/>\n<strong>Weinberg:<\/strong>\u00a0 \u00a0 \u00a0Ellenzer Altarberg, Mosel &#8211; Landwein der Mosel<br \/>\n<strong>Allergenhinweis:<\/strong>\u00a0 \u00a0 \u00a0Enth\u00e4lt Sulfite<br \/>\n<strong>Inhalt:<\/strong>\u00a0 \u00a0 \u00a00,75 l<br \/>\n<strong>Trinktemperatur:<\/strong>\u00a0 \u00a0 \u00a012-14 \u00b0C<br \/>\n<strong>Passt zu:\u00a0 \u00a0<\/strong> Ratatouille, gebratener oder gegrillter Fisch,Gefl\u00fcgel<br \/>\n<strong>Grundpreis:<\/strong>\u00a0 \u00a0 \u00a07,33 \u20ac\/l<\/p>\n","protected":false},"excerpt":{"rendered":"<p>Lieferzeit: 3-5 Werktage<\/p>\n<h3><em><strong>Genie\u00dfe jeden Augenblick ein trockener Ros\u00e9 vom Sp\u00e4tburgunder<\/strong><\/em><\/h3>\n<ul>\n<li>Sp\u00e4tbugunder<\/li>\n<li>trocken<\/li>\n<li>Spontanverg\u00e4rung<\/li>\n<\/ul>\n","protected":false},"featured_media":1656,"comment_status":"open","ping_status":"closed","template":"","meta":[],"product_brand":[],"product_cat":[112,123,128,47],"product_tag":[],"class_list":{"0":"post-1462","1":"product","2":"type-product","3":"status-publish","4":"has-post-thumbnail","6":"product_cat-trocken","7":"product_cat-rose","8":"product_cat-128","9":"product_cat-spaetburgunder","10":"post","11":"post-with-thumbnail","12":"post-with-thumbnail-large","14":"first","15":"instock","16":"shipping-taxable","17":"purchasable","18":"product-type-simple"},"_links":{"self":[{"href":"https:\/\/www.weingut-im-moselkrampen.de\/de_de\/wp-json\/wp\/v2\/product\/1462","targetHints":{"allow":["GET"]}}],"collection":[{"href":"https:\/\/www.weingut-im-moselkrampen.de\/de_de\/wp-json\/wp\/v2\/product"}],"about":[{"href":"https:\/\/www.weingut-im-moselkrampen.de\/de_de\/wp-json\/wp\/v2\/types\/product"}],"replies":[{"embeddable":true,"href":"https:\/\/www.weingut-im-moselkrampen.de\/de_de\/wp-json\/wp\/v2\/comments?post=1462"}],"wp:featuredmedia":[{"embeddable":true,"href":"https:\/\/www.weingut-im-moselkrampen.de\/de_de\/wp-json\/wp\/v2\/media\/1656"}],"wp:attachment":[{"href":"https:\/\/www.weingut-im-moselkrampen.de\/de_de\/wp-json\/wp\/v2\/media?parent=1462"}],"wp:term":[{"taxonomy":"product_brand","embeddable":true,"href":"https:\/\/www.weingut-im-moselkrampen.de\/de_de\/wp-json\/wp\/v2\/product_brand?post=1462"},{"taxonomy":"product_cat","embeddable":true,"href":"https:\/\/www.weingut-im-moselkrampen.de\/de_de\/wp-json\/wp\/v2\/product_cat?post=1462"},{"taxonomy":"product_tag","embeddable":true,"href":"https:\/\/www.weingut-im-moselkrampen.de\/de_de\/wp-json\/wp\/v2\/product_tag?post=1462"}],"curies":[{"name":"wp","href":"https:\/\/api.w.org\/{rel}","templated":true}]}}