{"id":2228,"date":"2022-08-10T12:14:58","date_gmt":"2022-08-10T10:14:58","guid":{"rendered":"https:\/\/www.weingut-im-moselkrampen.de\/?post_type=product&#038;p=2228"},"modified":"2025-04-15T16:30:25","modified_gmt":"2025-04-15T14:30:25","slug":"2021-halbtrocken-rose","status":"publish","type":"product","link":"https:\/\/www.weingut-im-moselkrampen.de\/de_de\/produkt\/2021-halbtrocken-rose\/","title":{"rendered":"2021 &#8222;Halbtrocken&#8220; ros\u00e9"},"content":{"rendered":"<h2><strong>2021 &#8222;Halbtrocken&#8220; ros\u00e9<\/strong><\/h2>\n<p><strong>Jahrgang:\u00a0<\/strong> \u00a0 \u00a02021<br \/>\n<strong>Rebsorte:\u00a0<\/strong>\u00a0 \u00a0 Sp\u00e4tburgunder<br \/>\n<strong>Weinart:\u00a0<\/strong> \u00a0 \u00a0Ros\u00e9<br \/>\n<strong>Alkoholgehalt:<\/strong>\u00a0 \u00a0 \u00a012% Vol<br \/>\n<strong>Verg\u00e4rbare Zucker vor Inversion:<\/strong>\u00a0 \u00a0 \u00a04,2 g\/l<br \/>\n<strong>Gesamts\u00e4ure als Weins\u00e4ure:\u00a0 \u00a0 \u00a0<\/strong>5,7 g\/l<br \/>\n<strong>Ausbau:<\/strong>\u00a0 \u00a0 \u00a0halbtrocken<br \/>\n<strong>Weinberg:<\/strong>\u00a0 \u00a0 \u00a0Ellenzer Altarberg, Mosel &#8211; Landwein der Mosel<br \/>\n<strong>Allergenhinweis:<\/strong>\u00a0 \u00a0 \u00a0Enth\u00e4lt Sulfite<br \/>\n<strong>Inhalt:<\/strong>\u00a0 \u00a0 \u00a00,75 l<br \/>\n<strong>Trinktemperatur:<\/strong>\u00a0 \u00a0 \u00a09-11 \u00b0C<br \/>\n<strong>Passt zu:\u00a0 \u00a0<\/strong> Gefl\u00fcgel, Bratapfel, Risotto, Fisch<br \/>\n<strong>Grundpreis:<\/strong>\u00a0 \u00a0 \u00a08,67 \u20ac\/l<\/p>\n","protected":false},"excerpt":{"rendered":"<p>Lieferzeit: 3-5 Werktage<\/p>\n<h3><em><strong>Genie\u00dfe jeden Augenblick ein halbtrockener Ros\u00e9 vom Sp\u00e4tburgunder<\/strong><\/em><\/h3>\n<ul>\n<li>Sp\u00e4tbugunder<\/li>\n<li>halbtrocken<\/li>\n<li>Spontanverg\u00e4rung<\/li>\n<\/ul>\n","protected":false},"featured_media":2244,"comment_status":"open","ping_status":"closed","template":"","meta":[],"product_brand":[],"product_cat":[47,113,123,140],"product_tag":[],"class_list":{"0":"post-2228","1":"product","2":"type-product","3":"status-publish","4":"has-post-thumbnail","6":"product_cat-spaetburgunder","7":"product_cat-halbtrocken","8":"product_cat-rose","9":"product_cat-140","10":"post","11":"post-with-thumbnail","12":"post-with-thumbnail-large","14":"first","15":"instock","16":"shipping-taxable","17":"purchasable","18":"product-type-simple"},"_links":{"self":[{"href":"https:\/\/www.weingut-im-moselkrampen.de\/de_de\/wp-json\/wp\/v2\/product\/2228","targetHints":{"allow":["GET"]}}],"collection":[{"href":"https:\/\/www.weingut-im-moselkrampen.de\/de_de\/wp-json\/wp\/v2\/product"}],"about":[{"href":"https:\/\/www.weingut-im-moselkrampen.de\/de_de\/wp-json\/wp\/v2\/types\/product"}],"replies":[{"embeddable":true,"href":"https:\/\/www.weingut-im-moselkrampen.de\/de_de\/wp-json\/wp\/v2\/comments?post=2228"}],"wp:featuredmedia":[{"embeddable":true,"href":"https:\/\/www.weingut-im-moselkrampen.de\/de_de\/wp-json\/wp\/v2\/media\/2244"}],"wp:attachment":[{"href":"https:\/\/www.weingut-im-moselkrampen.de\/de_de\/wp-json\/wp\/v2\/media?parent=2228"}],"wp:term":[{"taxonomy":"product_brand","embeddable":true,"href":"https:\/\/www.weingut-im-moselkrampen.de\/de_de\/wp-json\/wp\/v2\/product_brand?post=2228"},{"taxonomy":"product_cat","embeddable":true,"href":"https:\/\/www.weingut-im-moselkrampen.de\/de_de\/wp-json\/wp\/v2\/product_cat?post=2228"},{"taxonomy":"product_tag","embeddable":true,"href":"https:\/\/www.weingut-im-moselkrampen.de\/de_de\/wp-json\/wp\/v2\/product_tag?post=2228"}],"curies":[{"name":"wp","href":"https:\/\/api.w.org\/{rel}","templated":true}]}}