{"id":2755,"date":"2024-06-28T11:02:53","date_gmt":"2024-06-28T09:02:53","guid":{"rendered":"https:\/\/www.weingut-im-moselkrampen.de\/?post_type=product&#038;p=2755"},"modified":"2026-04-05T19:57:57","modified_gmt":"2026-04-05T17:57:57","slug":"2023-albina","status":"publish","type":"product","link":"https:\/\/www.weingut-im-moselkrampen.de\/de_de\/produkt\/2023-albina\/","title":{"rendered":"2023 Albina"},"content":{"rendered":"<h2><strong>2023 Albina<\/strong><\/h2>\n<p><strong>Jahrgang:\u00a0<\/strong> \u00a0 \u00a02023<br \/>\n<strong>Rebsorte:\u00a0<\/strong> \u00a0 \u00a0Sp\u00e4tburgunder<br \/>\n<strong>Weinart:\u00a0<\/strong> \u00a0 \u00a0Blanc der Noir<br \/>\n<strong>Alkoholgehalt:<\/strong>\u00a0 \u00a0 \u00a013,0% Vol<br \/>\n<strong>Verg\u00e4rbare Zucker nach Inversion:<\/strong>\u00a0 \u00a0 \u00a018,0 g\/l<br \/>\n<strong>Gesamts\u00e4ure als Weins\u00e4ure:\u00a0 \u00a0 \u00a0<\/strong>6,0 g\/l<br \/>\n<strong>Ausbau:<\/strong>\u00a0 \u00a0 \u00a0feinherb<br \/>\n<strong>Erzeugerabf\u00fcllung A. P. Nr.<\/strong>\u00a0 \u00a0 \u00a01 626 130 004 24<br \/>\n<strong>Weinberg:<\/strong>\u00a0 \u00a0 \u00a0Ellenzer Kurf\u00fcrst, Mosel<br \/>\n<strong>Allergenhinweis:<\/strong>\u00a0 \u00a0 \u00a0Enth\u00e4lt Sulfite<br \/>\n<strong>Inhalt:<\/strong>\u00a0 \u00a0 \u00a00,75 l<br \/>\n<strong>Trinktemperatur:<\/strong>\u00a0 \u00a0 \u00a012-14 \u00b0C<br \/>\n<strong>Passt zu:\u00a0 \u00a0<\/strong> Erdbeeren, Cr\u00eame br\u00fbl\u00e9e, Fruchtjoghurt<br \/>\n<strong>Grundpreis:<\/strong>\u00a0 \u00a0 \u00a08,67 \u20ac\/l<\/p>\n","protected":false},"excerpt":{"rendered":"<p>Lieferzeit: 3-5 Werktage<\/p>\n<h3><em><strong>Sommerliebe in Ros\u00e9<\/strong><\/em><\/h3>\n<ul>\n<li>Sp\u00e4tburgunder<\/li>\n<li>feinherb<\/li>\n<li>Spontanverg\u00e4rung<\/li>\n<li>Deutscher Pr\u00e4dikatswein<\/li>\n<\/ul>\n","protected":false},"featured_media":3311,"comment_status":"open","ping_status":"closed","template":"","meta":[],"product_brand":[],"product_cat":[143,47,120,125],"product_tag":[],"class_list":{"0":"post-2755","1":"product","2":"type-product","3":"status-publish","4":"has-post-thumbnail","6":"product_cat-143","7":"product_cat-spaetburgunder","8":"product_cat-blanc-der-noirs","9":"product_cat-feinherb","10":"post","11":"post-with-thumbnail","12":"post-with-thumbnail-large","14":"first","15":"instock","16":"shipping-taxable","17":"purchasable","18":"product-type-simple"},"_links":{"self":[{"href":"https:\/\/www.weingut-im-moselkrampen.de\/de_de\/wp-json\/wp\/v2\/product\/2755","targetHints":{"allow":["GET"]}}],"collection":[{"href":"https:\/\/www.weingut-im-moselkrampen.de\/de_de\/wp-json\/wp\/v2\/product"}],"about":[{"href":"https:\/\/www.weingut-im-moselkrampen.de\/de_de\/wp-json\/wp\/v2\/types\/product"}],"replies":[{"embeddable":true,"href":"https:\/\/www.weingut-im-moselkrampen.de\/de_de\/wp-json\/wp\/v2\/comments?post=2755"}],"wp:featuredmedia":[{"embeddable":true,"href":"https:\/\/www.weingut-im-moselkrampen.de\/de_de\/wp-json\/wp\/v2\/media\/3311"}],"wp:attachment":[{"href":"https:\/\/www.weingut-im-moselkrampen.de\/de_de\/wp-json\/wp\/v2\/media?parent=2755"}],"wp:term":[{"taxonomy":"product_brand","embeddable":true,"href":"https:\/\/www.weingut-im-moselkrampen.de\/de_de\/wp-json\/wp\/v2\/product_brand?post=2755"},{"taxonomy":"product_cat","embeddable":true,"href":"https:\/\/www.weingut-im-moselkrampen.de\/de_de\/wp-json\/wp\/v2\/product_cat?post=2755"},{"taxonomy":"product_tag","embeddable":true,"href":"https:\/\/www.weingut-im-moselkrampen.de\/de_de\/wp-json\/wp\/v2\/product_tag?post=2755"}],"curies":[{"name":"wp","href":"https:\/\/api.w.org\/{rel}","templated":true}]}}