{"id":1486,"date":"2020-06-16T16:48:01","date_gmt":"2020-06-16T14:48:01","guid":{"rendered":"http:\/\/www.weingut-im-moselkrampen.de\/?page_id=1486"},"modified":"2020-06-17T11:09:58","modified_gmt":"2020-06-17T09:09:58","slug":"wein-probieren-mitnehmen-bestellen","status":"publish","type":"page","link":"https:\/\/www.weingut-im-moselkrampen.de\/en\/wein-probieren-mitnehmen-bestellen\/","title":{"rendered":"Wein probieren, mitnehmen, bestellen"},"content":{"rendered":"<div id=\"pl-1486\"  class=\"panel-layout\" ><div id=\"pg-1486-0\"  class=\"panel-grid panel-no-style\" ><div id=\"pgc-1486-0-0\"  class=\"panel-grid-cell\" ><div id=\"panel-1486-0-0-0\" class=\"so-panel widget widget_sow-editor panel-first-child panel-last-child\" data-index=\"0\" ><div\n\t\t\t\n\t\t\tclass=\"so-widget-sow-editor so-widget-sow-editor-base\"\n\t\t\t\n\t\t><h3 class=\"widget-title\">Wein probieren, mitnehmen, bestellen<\/h3>\n<div class=\"siteorigin-widget-tinymce textwidget\">\n\t<p style=\"text-align: center;\">Im Erdgeschoss befindet sich unser Weink\u00fchlschrank. Gerne d\u00fcrfen Sie sich hier selbst bedienen. Die Preiseliste h\u00e4ngt einmal direkt am K\u00fchlschrank aus, zum anderen finden Sie auch alle Preise in unserem Wein-Shop. Wenn Sie eine Flasche aus dem K\u00fchlschrank entnommen haben, vergessen Sie nicht, dies auf einer Preisliste auf Ihrem Zimmer zu notieren.<\/p>\n<p style=\"text-align: center;\">Gerne k\u00f6nnen Sie bei uns au\u00dferdem eine individuelle Weinprobe buchen! Sprechen Sie uns daf\u00fcr einfach an oder schreiben Sie uns eine Nachricht. F\u00fcr 10 \u20ac k\u00f6nnen Sie acht Weine probieren und etwas mehr \u00fcber uns, unseren Wein und unser Weingut erfahren!<\/p>\n<p style=\"text-align: center;\">Wenn Sie Wein mitnehmen m\u00f6chten, kontaktieren Sie uns bitte am Vortag bis 18 Uhr. Weinkartons gibt es f\u00fcr 6 oder f\u00fcr 12 Flaschen. Sprechen Sie uns an oder schicken Sie uns einfach Ihre Bestellung per WhatsApp oder E-Mail und wir bereiten Ihre Bestellung f\u00fcr Ihren Abreisetag vor. Gerne beraten wir Sie auch!<br \/>\nGeschenkkartons gibt es ab 2\u20ac f\u00fcr 1, 2 oder 3 Flaschen.<\/p>\n<p style=\"text-align: center;\">Sie sind wieder zuhause angekommen und wollen das Urlaubsfeeling wiederaufkommen lassen? Bestellen Sie ganz einfach in unserem <strong><a href=\"http:\/\/www.weingut-im-moselkrampen.de\/en\/unsere-weine\/\" target=\"_blank\" rel=\"noopener\">Online-Shop<\/a><\/strong> oder schreiben Sie uns eine E-Mail an <a href=\"mailto:info@weingut-im-moselkrampen.de\">info@weingut-im-moselkrampen.de<\/a>. Versandkartons gibt es f\u00fcr 6, 12 und 18 Flaschen.<\/p>\n<\/div>\n<\/div><\/div><\/div><div id=\"pgc-1486-0-1\"  class=\"panel-grid-cell\" ><div id=\"panel-1486-0-1-0\" class=\"so-panel widget widget_nav_menu panel-first-child panel-last-child\" data-index=\"1\" ><div class=\"menu-hausmenue-container\"><ul id=\"menu-hausmenue\" class=\"menu\"><li id=\"menu-item-1568\" class=\"menu-item menu-item-type-post_type menu-item-object-page menu-item-1568\"><a href=\"https:\/\/www.weingut-im-moselkrampen.de\/en\/willkommen\/\">Willkommen in unserem Ferienhaus im Moselkrampen!<\/a><\/li>\n<li id=\"menu-item-1567\" class=\"menu-item menu-item-type-post_type menu-item-object-page menu-item-1567\"><a href=\"https:\/\/www.weingut-im-moselkrampen.de\/en\/wein-probieren-mitnehmen-bestellen\/\">Wein probieren, mitnehmen, bestellen<\/a><\/li>\n<li id=\"menu-item-1566\" class=\"menu-item menu-item-type-post_type menu-item-object-page menu-item-1566\"><a href=\"https:\/\/www.weingut-im-moselkrampen.de\/en\/kontakt-2\/\">Kontaktieren Sie uns<\/a><\/li>\n<li id=\"menu-item-1565\" class=\"menu-item menu-item-type-post_type menu-item-object-page menu-item-1565\"><a href=\"https:\/\/www.weingut-im-moselkrampen.de\/en\/check-in-und-check-out\/\">Check-in und Check-out<\/a><\/li>\n<li id=\"menu-item-1564\" class=\"menu-item menu-item-type-post_type menu-item-object-page menu-item-1564\"><a href=\"https:\/\/www.weingut-im-moselkrampen.de\/en\/fruehstueck\/\">Fr\u00fchst\u00fcck<\/a><\/li>\n<li id=\"menu-item-1563\" class=\"menu-item menu-item-type-post_type menu-item-object-page menu-item-1563\"><a href=\"https:\/\/www.weingut-im-moselkrampen.de\/en\/ausflugsmoeglichkeiten-und-veranstaltungen\/\">Ausflugsm\u00f6glichkeiten und Veranstaltungen<\/a><\/li>\n<li id=\"menu-item-1562\" class=\"menu-item menu-item-type-post_type menu-item-object-page menu-item-1562\"><a href=\"https:\/\/www.weingut-im-moselkrampen.de\/en\/einkaufsmoeglichkeiten\/\">Einkaufsm\u00f6glichkeiten<\/a><\/li>\n<li id=\"menu-item-1561\" class=\"menu-item menu-item-type-post_type menu-item-object-page menu-item-1561\"><a href=\"https:\/\/www.weingut-im-moselkrampen.de\/en\/busfahren\/\">Busfahren<\/a><\/li>\n<li id=\"menu-item-1560\" class=\"menu-item menu-item-type-post_type menu-item-object-page menu-item-1560\"><a href=\"https:\/\/www.weingut-im-moselkrampen.de\/en\/muelltonnen\/\">M\u00fclltonnen<\/a><\/li>\n<li id=\"menu-item-1559\" class=\"menu-item menu-item-type-post_type menu-item-object-page menu-item-1559\"><a href=\"https:\/\/www.weingut-im-moselkrampen.de\/en\/fahrraeder-unterstellen-oder-ausleihen\/\">Fahrr\u00e4der unterstellen oder ausleihen<\/a><\/li>\n<\/ul><\/div><\/div><\/div><\/div><\/div>","protected":false},"excerpt":{"rendered":"<p>Im Erdgeschoss befindet sich unser Weink\u00fchlschrank. Gerne d\u00fcrfen Sie sich hier selbst bedienen. Die Preiseliste h\u00e4ngt einmal direkt am K\u00fchlschrank aus, zum anderen finden Sie auch alle Preise in unserem Wein-Shop. Wenn Sie eine Flasche aus dem K\u00fchlschrank entnommen haben, vergessen Sie nicht, dies auf einer Preisliste auf Ihrem Zimmer zu notieren. Gerne k\u00f6nnen Sie [&hellip;]<\/p>\n","protected":false},"author":3,"featured_media":0,"parent":0,"menu_order":0,"comment_status":"closed","ping_status":"closed","template":"","meta":{"footnotes":""},"class_list":["post-1486","page","type-page","status-publish","hentry","post"],"_links":{"self":[{"href":"https:\/\/www.weingut-im-moselkrampen.de\/en\/wp-json\/wp\/v2\/pages\/1486","targetHints":{"allow":["GET"]}}],"collection":[{"href":"https:\/\/www.weingut-im-moselkrampen.de\/en\/wp-json\/wp\/v2\/pages"}],"about":[{"href":"https:\/\/www.weingut-im-moselkrampen.de\/en\/wp-json\/wp\/v2\/types\/page"}],"author":[{"embeddable":true,"href":"https:\/\/www.weingut-im-moselkrampen.de\/en\/wp-json\/wp\/v2\/users\/3"}],"replies":[{"embeddable":true,"href":"https:\/\/www.weingut-im-moselkrampen.de\/en\/wp-json\/wp\/v2\/comments?post=1486"}],"version-history":[{"count":4,"href":"https:\/\/www.weingut-im-moselkrampen.de\/en\/wp-json\/wp\/v2\/pages\/1486\/revisions"}],"predecessor-version":[{"id":1586,"href":"https:\/\/www.weingut-im-moselkrampen.de\/en\/wp-json\/wp\/v2\/pages\/1486\/revisions\/1586"}],"wp:attachment":[{"href":"https:\/\/www.weingut-im-moselkrampen.de\/en\/wp-json\/wp\/v2\/media?parent=1486"}],"curies":[{"name":"wp","href":"https:\/\/api.w.org\/{rel}","templated":true}]}}