{"id":1488,"date":"2020-06-16T16:50:07","date_gmt":"2020-06-16T14:50:07","guid":{"rendered":"http:\/\/www.weingut-im-moselkrampen.de\/?page_id=1488"},"modified":"2025-03-28T15:53:07","modified_gmt":"2025-03-28T14:53:07","slug":"kontakt-2","status":"publish","type":"page","link":"https:\/\/www.weingut-im-moselkrampen.de\/en\/kontakt-2\/","title":{"rendered":"Kontaktieren Sie uns"},"content":{"rendered":"<div id=\"pl-1488\"  class=\"panel-layout\" ><div id=\"pg-1488-0\"  class=\"panel-grid panel-no-style\" ><div id=\"pgc-1488-0-0\"  class=\"panel-grid-cell\" ><div id=\"panel-1488-0-0-0\" class=\"so-panel widget widget_sow-editor panel-first-child panel-last-child\" data-index=\"0\" ><div\n\t\t\t\n\t\t\tclass=\"so-widget-sow-editor so-widget-sow-editor-base\"\n\t\t\t\n\t\t><h3 class=\"widget-title\">Contact<\/h3>\n<div class=\"siteorigin-widget-tinymce textwidget\">\n\t<p style=\"text-align: center;\">Sie haben noch Fragen und sind auf unsere Seite nicht f\u00fcndig geworden? Vermissen Sie in Ihrer Ferienwohnung etwas oder brauchen Sie z.B. frische Handt\u00fccher? Schreiben Sie uns ganz einfach eine Nachricht<\/p>\n<p style=\"text-align: center;\">\u00fcber <strong>WhatsApp <\/strong>an +491785646324<\/p>\n<p style=\"text-align: center;\">per <strong>E-Mail<\/strong> an <a href=\"mailto:info@weingut-immoselkrampen.de\">info@weingut-immoselkrampen.de<\/a><\/p>\n<p style=\"text-align: center;\">oder hinterlassen Sie uns eine Nachricht auf dem Anrufbeantworter unter <strong>\u00a002673 9080998<\/strong><\/p>\n<p style=\"text-align: center;\">Wir k\u00fcmmern uns so schnell wie m\u00f6glich um Ihr Anliegen!<\/p>\n<\/div>\n<\/div><\/div><\/div><div id=\"pgc-1488-0-1\"  class=\"panel-grid-cell\" ><div id=\"panel-1488-0-1-0\" class=\"so-panel widget widget_nav_menu panel-first-child panel-last-child\" data-index=\"1\" ><div class=\"menu-hausmenue-container\"><ul id=\"menu-hausmenue\" class=\"menu\"><li id=\"menu-item-1568\" class=\"menu-item menu-item-type-post_type menu-item-object-page menu-item-1568\"><a href=\"https:\/\/www.weingut-im-moselkrampen.de\/en\/willkommen\/\">Willkommen in unserem Ferienhaus im Moselkrampen!<\/a><\/li>\n<li id=\"menu-item-1567\" class=\"menu-item menu-item-type-post_type menu-item-object-page menu-item-1567\"><a href=\"https:\/\/www.weingut-im-moselkrampen.de\/en\/wein-probieren-mitnehmen-bestellen\/\">Wein probieren, mitnehmen, bestellen<\/a><\/li>\n<li id=\"menu-item-1566\" class=\"menu-item menu-item-type-post_type menu-item-object-page menu-item-1566\"><a href=\"https:\/\/www.weingut-im-moselkrampen.de\/en\/kontakt-2\/\">Kontaktieren Sie uns<\/a><\/li>\n<li id=\"menu-item-1565\" class=\"menu-item menu-item-type-post_type menu-item-object-page menu-item-1565\"><a href=\"https:\/\/www.weingut-im-moselkrampen.de\/en\/check-in-und-check-out\/\">Check-in und Check-out<\/a><\/li>\n<li id=\"menu-item-1564\" class=\"menu-item menu-item-type-post_type menu-item-object-page menu-item-1564\"><a href=\"https:\/\/www.weingut-im-moselkrampen.de\/en\/fruehstueck\/\">Fr\u00fchst\u00fcck<\/a><\/li>\n<li id=\"menu-item-1563\" class=\"menu-item menu-item-type-post_type menu-item-object-page menu-item-1563\"><a href=\"https:\/\/www.weingut-im-moselkrampen.de\/en\/ausflugsmoeglichkeiten-und-veranstaltungen\/\">Ausflugsm\u00f6glichkeiten und Veranstaltungen<\/a><\/li>\n<li id=\"menu-item-1562\" class=\"menu-item menu-item-type-post_type menu-item-object-page menu-item-1562\"><a href=\"https:\/\/www.weingut-im-moselkrampen.de\/en\/einkaufsmoeglichkeiten\/\">Einkaufsm\u00f6glichkeiten<\/a><\/li>\n<li id=\"menu-item-1561\" class=\"menu-item menu-item-type-post_type menu-item-object-page menu-item-1561\"><a href=\"https:\/\/www.weingut-im-moselkrampen.de\/en\/busfahren\/\">Busfahren<\/a><\/li>\n<li id=\"menu-item-1560\" class=\"menu-item menu-item-type-post_type menu-item-object-page menu-item-1560\"><a href=\"https:\/\/www.weingut-im-moselkrampen.de\/en\/muelltonnen\/\">M\u00fclltonnen<\/a><\/li>\n<li id=\"menu-item-1559\" class=\"menu-item menu-item-type-post_type menu-item-object-page menu-item-1559\"><a href=\"https:\/\/www.weingut-im-moselkrampen.de\/en\/fahrraeder-unterstellen-oder-ausleihen\/\">Fahrr\u00e4der unterstellen oder ausleihen<\/a><\/li>\n<\/ul><\/div><\/div><\/div><\/div><\/div>","protected":false},"excerpt":{"rendered":"<p>Sie haben noch Fragen und sind auf unsere Seite nicht f\u00fcndig geworden? Vermissen Sie in Ihrer Ferienwohnung etwas oder brauchen Sie z.B. frische Handt\u00fccher? Schreiben Sie uns ganz einfach eine Nachricht \u00fcber WhatsApp an +491785646324 per E-Mail an info@weingut-immoselkrampen.de oder hinterlassen Sie uns eine Nachricht auf dem Anrufbeantworter unter \u00a002673 9080998 Wir k\u00fcmmern uns so [&hellip;]<\/p>\n","protected":false},"author":3,"featured_media":0,"parent":0,"menu_order":0,"comment_status":"closed","ping_status":"closed","template":"","meta":{"footnotes":""},"class_list":["post-1488","page","type-page","status-publish","hentry","post"],"_links":{"self":[{"href":"https:\/\/www.weingut-im-moselkrampen.de\/en\/wp-json\/wp\/v2\/pages\/1488","targetHints":{"allow":["GET"]}}],"collection":[{"href":"https:\/\/www.weingut-im-moselkrampen.de\/en\/wp-json\/wp\/v2\/pages"}],"about":[{"href":"https:\/\/www.weingut-im-moselkrampen.de\/en\/wp-json\/wp\/v2\/types\/page"}],"author":[{"embeddable":true,"href":"https:\/\/www.weingut-im-moselkrampen.de\/en\/wp-json\/wp\/v2\/users\/3"}],"replies":[{"embeddable":true,"href":"https:\/\/www.weingut-im-moselkrampen.de\/en\/wp-json\/wp\/v2\/comments?post=1488"}],"version-history":[{"count":15,"href":"https:\/\/www.weingut-im-moselkrampen.de\/en\/wp-json\/wp\/v2\/pages\/1488\/revisions"}],"predecessor-version":[{"id":3119,"href":"https:\/\/www.weingut-im-moselkrampen.de\/en\/wp-json\/wp\/v2\/pages\/1488\/revisions\/3119"}],"wp:attachment":[{"href":"https:\/\/www.weingut-im-moselkrampen.de\/en\/wp-json\/wp\/v2\/media?parent=1488"}],"curies":[{"name":"wp","href":"https:\/\/api.w.org\/{rel}","templated":true}]}}