{"id":1492,"date":"2020-06-16T16:56:17","date_gmt":"2020-06-16T14:56:17","guid":{"rendered":"http:\/\/www.weingut-im-moselkrampen.de\/?page_id=1492"},"modified":"2025-02-06T13:13:14","modified_gmt":"2025-02-06T12:13:14","slug":"fruehstueck","status":"publish","type":"page","link":"https:\/\/www.weingut-im-moselkrampen.de\/en\/fruehstueck\/","title":{"rendered":"Fr\u00fchst\u00fcck"},"content":{"rendered":"<div id=\"pl-1492\"  class=\"panel-layout\" ><div id=\"pg-1492-0\"  class=\"panel-grid panel-no-style\" ><div id=\"pgc-1492-0-0\"  class=\"panel-grid-cell\" ><div id=\"panel-1492-0-0-0\" class=\"so-panel widget widget_sow-editor panel-first-child panel-last-child\" data-index=\"0\" ><div\n\t\t\t\n\t\t\tclass=\"so-widget-sow-editor so-widget-sow-editor-base\"\n\t\t\t\n\t\t><h3 class=\"widget-title\">Fr\u00fchst\u00fcck<\/h3>\n<div class=\"siteorigin-widget-tinymce textwidget\">\n\t<p style=\"text-align: center;\">Alle unsere Apartments sind mit K\u00fcchen oder K\u00fcchenzeilen ausgestattet, so dass Sie sich bequem Ihr eigenes Fr\u00fchst\u00fcck zubereiten k\u00f6nnen.<\/p>\n<p style=\"text-align: center;\">Wenn Sie Fr\u00fchst\u00fcck dazu buchen m\u00f6chten, ist dies ebenfalls direkt gegen\u00fcber im Ferienhaus Schneider. Fr\u00fchst\u00fcckszeiten sind vom 8 bis 10 Uhr. Bitte melden Sie sich bis sp\u00e4testens 18 Uhr am Vortag unter 02673\/1581 oder <a href=\"mailto:ferienweingutschneider@t-online.de\">ferienweingutschneider@t-online.de<\/a> an. Aufgrund der derzeitigen Corona-Bestimmungen k\u00f6nnen Fr\u00fchst\u00fcckspl\u00e4tze nicht im Voraus reserviert werden, sondern m\u00fcssen am Vortag angefragt werden.<\/p>\n<p style=\"text-align: center;\">Die n\u00e4chstgelegenen B\u00e4ckereien sind jeweils in 5 Minuten mit dem Auto zu erreichen. Es handelt sich einmal um die <a href=\"https:\/\/www.google.com\/maps\/dir\/Weingut+im+Moselkrampen,+Am+Stausee,+Ellenz-Poltersdorf\/b%C3%A4ckerei+ellenz-poltersdorf\/@50.1254163,7.2143525,14z\/data=!3m1!4b1!4m13!4m12!1m5!1m1!1s0x47be3f5e6e78c877:0x7c126b5cbb169f84!2m2!1d7.2295673!2d50.1188822!1m5!1m1!1s0x47be40bd2e97ad9d:0x56c39626424ab9a7!2m2!1d7.23276!2d50.13384\" target=\"_blank\" rel=\"noopener\"><strong>B\u00e4ckerei D\u00f6ren in Bruttig-Fankel<\/strong><\/a> und einmal um die <a href=\"https:\/\/www.google.com\/maps\/dir\/Weingut+im+Moselkrampen,+Am+Stausee,+Ellenz-Poltersdorf\/B%C3%A4ckerei+Gebr.+Lutz+GmbH+%26+Co+Kg,+Weingartenstra%C3%9Fe+104,+56814+Ernst\/@50.1312211,7.212052,14z\/data=!3m1!4b1!4m13!4m12!1m5!1m1!1s0x47be3f5e6e78c877:0x7c126b5cbb169f84!2m2!1d7.2295673!2d50.1188822!1m5!1m1!1s0x47be40a2a9376bef:0x4fb024fe828ec64a!2m2!1d7.2319337!2d50.1433682\" target=\"_blank\" rel=\"noopener\"><strong>B\u00e4ckerei Lutz in Ernst<\/strong><\/a>.<\/p>\n<\/div>\n<\/div><\/div><\/div><div id=\"pgc-1492-0-1\"  class=\"panel-grid-cell\" ><div id=\"panel-1492-0-1-0\" class=\"so-panel widget widget_nav_menu panel-first-child panel-last-child\" data-index=\"1\" ><div class=\"menu-hausmenue-container\"><ul id=\"menu-hausmenue\" class=\"menu\"><li id=\"menu-item-1568\" class=\"menu-item menu-item-type-post_type menu-item-object-page menu-item-1568\"><a href=\"https:\/\/www.weingut-im-moselkrampen.de\/en\/willkommen\/\">Willkommen in unserem Ferienhaus im Moselkrampen!<\/a><\/li>\n<li id=\"menu-item-1567\" class=\"menu-item menu-item-type-post_type menu-item-object-page menu-item-1567\"><a href=\"https:\/\/www.weingut-im-moselkrampen.de\/en\/wein-probieren-mitnehmen-bestellen\/\">Wein probieren, mitnehmen, bestellen<\/a><\/li>\n<li id=\"menu-item-1566\" class=\"menu-item menu-item-type-post_type menu-item-object-page menu-item-1566\"><a href=\"https:\/\/www.weingut-im-moselkrampen.de\/en\/kontakt-2\/\">Kontaktieren Sie uns<\/a><\/li>\n<li id=\"menu-item-1565\" class=\"menu-item menu-item-type-post_type menu-item-object-page menu-item-1565\"><a href=\"https:\/\/www.weingut-im-moselkrampen.de\/en\/check-in-und-check-out\/\">Check-in und Check-out<\/a><\/li>\n<li id=\"menu-item-1564\" class=\"menu-item menu-item-type-post_type menu-item-object-page menu-item-1564\"><a href=\"https:\/\/www.weingut-im-moselkrampen.de\/en\/fruehstueck\/\">Fr\u00fchst\u00fcck<\/a><\/li>\n<li id=\"menu-item-1563\" class=\"menu-item menu-item-type-post_type menu-item-object-page menu-item-1563\"><a href=\"https:\/\/www.weingut-im-moselkrampen.de\/en\/ausflugsmoeglichkeiten-und-veranstaltungen\/\">Ausflugsm\u00f6glichkeiten und Veranstaltungen<\/a><\/li>\n<li id=\"menu-item-1562\" class=\"menu-item menu-item-type-post_type menu-item-object-page menu-item-1562\"><a href=\"https:\/\/www.weingut-im-moselkrampen.de\/en\/einkaufsmoeglichkeiten\/\">Einkaufsm\u00f6glichkeiten<\/a><\/li>\n<li id=\"menu-item-1561\" class=\"menu-item menu-item-type-post_type menu-item-object-page menu-item-1561\"><a href=\"https:\/\/www.weingut-im-moselkrampen.de\/en\/busfahren\/\">Busfahren<\/a><\/li>\n<li id=\"menu-item-1560\" class=\"menu-item menu-item-type-post_type menu-item-object-page menu-item-1560\"><a href=\"https:\/\/www.weingut-im-moselkrampen.de\/en\/muelltonnen\/\">M\u00fclltonnen<\/a><\/li>\n<li id=\"menu-item-1559\" class=\"menu-item menu-item-type-post_type menu-item-object-page menu-item-1559\"><a href=\"https:\/\/www.weingut-im-moselkrampen.de\/en\/fahrraeder-unterstellen-oder-ausleihen\/\">Fahrr\u00e4der unterstellen oder ausleihen<\/a><\/li>\n<\/ul><\/div><\/div><\/div><\/div><\/div>","protected":false},"excerpt":{"rendered":"<p>Alle unsere Apartments sind mit K\u00fcchen oder K\u00fcchenzeilen ausgestattet, so dass Sie sich bequem Ihr eigenes Fr\u00fchst\u00fcck zubereiten k\u00f6nnen. Wenn Sie Fr\u00fchst\u00fcck dazu buchen m\u00f6chten, ist dies ebenfalls direkt gegen\u00fcber im Ferienhaus Schneider. Fr\u00fchst\u00fcckszeiten sind vom 8 bis 10 Uhr. Bitte melden Sie sich bis sp\u00e4testens 18 Uhr am Vortag unter 02673\/1581 oder ferienweingutschneider@t-online.de an. [&hellip;]<\/p>\n","protected":false},"author":3,"featured_media":0,"parent":0,"menu_order":0,"comment_status":"closed","ping_status":"closed","template":"","meta":{"footnotes":""},"class_list":["post-1492","page","type-page","status-publish","hentry","post"],"_links":{"self":[{"href":"https:\/\/www.weingut-im-moselkrampen.de\/en\/wp-json\/wp\/v2\/pages\/1492","targetHints":{"allow":["GET"]}}],"collection":[{"href":"https:\/\/www.weingut-im-moselkrampen.de\/en\/wp-json\/wp\/v2\/pages"}],"about":[{"href":"https:\/\/www.weingut-im-moselkrampen.de\/en\/wp-json\/wp\/v2\/types\/page"}],"author":[{"embeddable":true,"href":"https:\/\/www.weingut-im-moselkrampen.de\/en\/wp-json\/wp\/v2\/users\/3"}],"replies":[{"embeddable":true,"href":"https:\/\/www.weingut-im-moselkrampen.de\/en\/wp-json\/wp\/v2\/comments?post=1492"}],"version-history":[{"count":10,"href":"https:\/\/www.weingut-im-moselkrampen.de\/en\/wp-json\/wp\/v2\/pages\/1492\/revisions"}],"predecessor-version":[{"id":2813,"href":"https:\/\/www.weingut-im-moselkrampen.de\/en\/wp-json\/wp\/v2\/pages\/1492\/revisions\/2813"}],"wp:attachment":[{"href":"https:\/\/www.weingut-im-moselkrampen.de\/en\/wp-json\/wp\/v2\/media?parent=1492"}],"curies":[{"name":"wp","href":"https:\/\/api.w.org\/{rel}","templated":true}]}}