{"id":1498,"date":"2020-06-16T17:06:48","date_gmt":"2020-06-16T15:06:48","guid":{"rendered":"http:\/\/www.weingut-im-moselkrampen.de\/?page_id=1498"},"modified":"2020-06-16T17:42:17","modified_gmt":"2020-06-16T15:42:17","slug":"busfahren","status":"publish","type":"page","link":"https:\/\/www.weingut-im-moselkrampen.de\/en\/busfahren\/","title":{"rendered":"Busfahren"},"content":{"rendered":"<div id=\"pl-1498\"  class=\"panel-layout\" ><div id=\"pg-1498-0\"  class=\"panel-grid panel-no-style\" ><div id=\"pgc-1498-0-0\"  class=\"panel-grid-cell\" ><div id=\"panel-1498-0-0-0\" class=\"so-panel widget widget_sow-editor panel-first-child panel-last-child\" data-index=\"0\" ><div\n\t\t\t\n\t\t\tclass=\"so-widget-sow-editor so-widget-sow-editor-base\"\n\t\t\t\n\t\t><h3 class=\"widget-title\">Busfahren<\/h3>\n<div class=\"siteorigin-widget-tinymce textwidget\">\n\t<p style=\"text-align: center;\">Die Bushaltestelle befindet sich im Zentrum von Ellenz in der Moselweinstra\u00dfe 17-18. Die Linie 711 f\u00e4hrt von Zell bis Cochem und zur\u00fcck. Den Fahrplan finden Sie <a href=\"https:\/\/www.vrminfo.de\/fileadmin\/data\/pdf\/fahrplanbuecher\/2017\/711.pdf\" target=\"_blank\" rel=\"noopener\"><strong>hier<\/strong><\/a><\/p>\n<\/div>\n<\/div><\/div><\/div><div id=\"pgc-1498-0-1\"  class=\"panel-grid-cell\" ><div id=\"panel-1498-0-1-0\" class=\"so-panel widget widget_nav_menu panel-first-child panel-last-child\" data-index=\"1\" ><div class=\"menu-hausmenue-container\"><ul id=\"menu-hausmenue\" class=\"menu\"><li id=\"menu-item-1568\" class=\"menu-item menu-item-type-post_type menu-item-object-page menu-item-1568\"><a href=\"https:\/\/www.weingut-im-moselkrampen.de\/en\/willkommen\/\">Willkommen in unserem Ferienhaus im Moselkrampen!<\/a><\/li>\n<li id=\"menu-item-1567\" class=\"menu-item menu-item-type-post_type menu-item-object-page menu-item-1567\"><a href=\"https:\/\/www.weingut-im-moselkrampen.de\/en\/wein-probieren-mitnehmen-bestellen\/\">Wein probieren, mitnehmen, bestellen<\/a><\/li>\n<li id=\"menu-item-1566\" class=\"menu-item menu-item-type-post_type menu-item-object-page menu-item-1566\"><a href=\"https:\/\/www.weingut-im-moselkrampen.de\/en\/kontakt-2\/\">Kontaktieren Sie uns<\/a><\/li>\n<li id=\"menu-item-1565\" class=\"menu-item menu-item-type-post_type menu-item-object-page menu-item-1565\"><a href=\"https:\/\/www.weingut-im-moselkrampen.de\/en\/check-in-und-check-out\/\">Check-in und Check-out<\/a><\/li>\n<li id=\"menu-item-1564\" class=\"menu-item menu-item-type-post_type menu-item-object-page menu-item-1564\"><a href=\"https:\/\/www.weingut-im-moselkrampen.de\/en\/fruehstueck\/\">Fr\u00fchst\u00fcck<\/a><\/li>\n<li id=\"menu-item-1563\" class=\"menu-item menu-item-type-post_type menu-item-object-page menu-item-1563\"><a href=\"https:\/\/www.weingut-im-moselkrampen.de\/en\/ausflugsmoeglichkeiten-und-veranstaltungen\/\">Ausflugsm\u00f6glichkeiten und Veranstaltungen<\/a><\/li>\n<li id=\"menu-item-1562\" class=\"menu-item menu-item-type-post_type menu-item-object-page menu-item-1562\"><a href=\"https:\/\/www.weingut-im-moselkrampen.de\/en\/einkaufsmoeglichkeiten\/\">Einkaufsm\u00f6glichkeiten<\/a><\/li>\n<li id=\"menu-item-1561\" class=\"menu-item menu-item-type-post_type menu-item-object-page menu-item-1561\"><a href=\"https:\/\/www.weingut-im-moselkrampen.de\/en\/busfahren\/\">Busfahren<\/a><\/li>\n<li id=\"menu-item-1560\" class=\"menu-item menu-item-type-post_type menu-item-object-page menu-item-1560\"><a href=\"https:\/\/www.weingut-im-moselkrampen.de\/en\/muelltonnen\/\">M\u00fclltonnen<\/a><\/li>\n<li id=\"menu-item-1559\" class=\"menu-item menu-item-type-post_type menu-item-object-page menu-item-1559\"><a href=\"https:\/\/www.weingut-im-moselkrampen.de\/en\/fahrraeder-unterstellen-oder-ausleihen\/\">Fahrr\u00e4der unterstellen oder ausleihen<\/a><\/li>\n<\/ul><\/div><\/div><\/div><\/div><\/div>","protected":false},"excerpt":{"rendered":"<p>Die Bushaltestelle befindet sich im Zentrum von Ellenz in der Moselweinstra\u00dfe 17-18. Die Linie 711 f\u00e4hrt von Zell bis Cochem und zur\u00fcck. Den Fahrplan finden Sie hier<\/p>","protected":false},"author":3,"featured_media":0,"parent":0,"menu_order":0,"comment_status":"closed","ping_status":"closed","template":"","meta":{"footnotes":""},"class_list":["post-1498","page","type-page","status-publish","hentry","post"],"_links":{"self":[{"href":"https:\/\/www.weingut-im-moselkrampen.de\/en\/wp-json\/wp\/v2\/pages\/1498","targetHints":{"allow":["GET"]}}],"collection":[{"href":"https:\/\/www.weingut-im-moselkrampen.de\/en\/wp-json\/wp\/v2\/pages"}],"about":[{"href":"https:\/\/www.weingut-im-moselkrampen.de\/en\/wp-json\/wp\/v2\/types\/page"}],"author":[{"embeddable":true,"href":"https:\/\/www.weingut-im-moselkrampen.de\/en\/wp-json\/wp\/v2\/users\/3"}],"replies":[{"embeddable":true,"href":"https:\/\/www.weingut-im-moselkrampen.de\/en\/wp-json\/wp\/v2\/comments?post=1498"}],"version-history":[{"count":3,"href":"https:\/\/www.weingut-im-moselkrampen.de\/en\/wp-json\/wp\/v2\/pages\/1498\/revisions"}],"predecessor-version":[{"id":1581,"href":"https:\/\/www.weingut-im-moselkrampen.de\/en\/wp-json\/wp\/v2\/pages\/1498\/revisions\/1581"}],"wp:attachment":[{"href":"https:\/\/www.weingut-im-moselkrampen.de\/en\/wp-json\/wp\/v2\/media?parent=1498"}],"curies":[{"name":"wp","href":"https:\/\/api.w.org\/{rel}","templated":true}]}}