{"id":1464,"date":"2020-06-14T18:44:40","date_gmt":"2020-06-14T16:44:40","guid":{"rendered":"http:\/\/www.weingut-im-moselkrampen.de\/?post_type=product&#038;p=1464"},"modified":"2026-04-05T12:56:01","modified_gmt":"2026-04-05T10:56:01","slug":"2019-sweetheart","status":"publish","type":"product","link":"https:\/\/www.weingut-im-moselkrampen.de\/en\/product\/2019-sweetheart\/","title":{"rendered":"2019 Sweetheart"},"content":{"rendered":"<h2><strong>2019 Sweetheart<\/strong><\/h2>\n<p><strong>Year:\u00a0<\/strong> \u00a0 \u00a02019<br \/>\n<strong>Grape variety:\u00a0<\/strong> \u00a0 \u00a0Pinot Noir<br \/>\n<strong>Wine style:\u00a0<\/strong> \u00a0 \u00a0Blanc der Noir<br \/>\n<strong>Alcohol:<\/strong>\u00a0 \u00a0 \u00a010,5% Vol<br \/>\n<strong>Residual sugar:<\/strong>\u00a0 \u00a0 \u00a031,4 g\/l<br \/>\n<strong>Acidity:\u00a0 \u00a0 \u00a0<\/strong>6,7 g\/l<br \/>\n<strong>Sweetness:<\/strong>\u00a0 \u00a0 \u00a0sweet<br \/>\n<strong>Erzeugerabf\u00fcllung A. P. Nr.<\/strong>\u00a0 \u00a0 \u00a01 626 130 004 20<br \/>\n<strong>Vinyard:<\/strong>\u00a0 \u00a0 \u00a0Ellenzer Kurf\u00fcrst, Mosel<br \/>\n<strong>Allergenhinweis:<\/strong>\u00a0 \u00a0 \u00a0Enth\u00e4lt Sulfite<br \/>\n<strong>Inhalt:<\/strong>\u00a0 \u00a0 \u00a00,75 l<br \/>\n<strong>Trinktemperatur:<\/strong>\u00a0 \u00a0 \u00a012-14 \u00b0C<br \/>\n<strong>Passt zu:\u00a0 \u00a0<\/strong> Erdbeeren, Cr\u00eame br\u00fbl\u00e9e, Fruchtjoghurt<br \/>\n<strong>Grundpreis:<\/strong>\u00a0 \u00a0 \u00a08,67 \u20ac\/l<\/p>","protected":false},"excerpt":{"rendered":"<p>Delivery time: 3-5 workdays<\/p>\n<h3><em><strong>Summer love in ros\u00e9<\/strong><\/em><\/h3>\n<ul>\n<li>Pinot Noir<\/li>\n<li>sweet<\/li>\n<li>spontaneous fermentation<\/li>\n<li>Deutscher Pr\u00e4dikatswein<\/li>\n<\/ul>","protected":false},"featured_media":1642,"comment_status":"open","ping_status":"closed","template":"","meta":[],"product_brand":[],"product_cat":[47,114,120,128],"product_tag":[],"class_list":{"0":"post-1464","1":"product","2":"type-product","3":"status-publish","4":"has-post-thumbnail","6":"product_cat-spaetburgunder","7":"product_cat-lieblich","8":"product_cat-blanc-der-noirs","9":"product_cat-128","10":"post","11":"post-with-thumbnail","12":"post-with-thumbnail-large","14":"first","15":"instock","16":"shipping-taxable","17":"purchasable","18":"product-type-simple"},"_links":{"self":[{"href":"https:\/\/www.weingut-im-moselkrampen.de\/en\/wp-json\/wp\/v2\/product\/1464","targetHints":{"allow":["GET"]}}],"collection":[{"href":"https:\/\/www.weingut-im-moselkrampen.de\/en\/wp-json\/wp\/v2\/product"}],"about":[{"href":"https:\/\/www.weingut-im-moselkrampen.de\/en\/wp-json\/wp\/v2\/types\/product"}],"replies":[{"embeddable":true,"href":"https:\/\/www.weingut-im-moselkrampen.de\/en\/wp-json\/wp\/v2\/comments?post=1464"}],"wp:featuredmedia":[{"embeddable":true,"href":"https:\/\/www.weingut-im-moselkrampen.de\/en\/wp-json\/wp\/v2\/media\/1642"}],"wp:attachment":[{"href":"https:\/\/www.weingut-im-moselkrampen.de\/en\/wp-json\/wp\/v2\/media?parent=1464"}],"wp:term":[{"taxonomy":"product_brand","embeddable":true,"href":"https:\/\/www.weingut-im-moselkrampen.de\/en\/wp-json\/wp\/v2\/product_brand?post=1464"},{"taxonomy":"product_cat","embeddable":true,"href":"https:\/\/www.weingut-im-moselkrampen.de\/en\/wp-json\/wp\/v2\/product_cat?post=1464"},{"taxonomy":"product_tag","embeddable":true,"href":"https:\/\/www.weingut-im-moselkrampen.de\/en\/wp-json\/wp\/v2\/product_tag?post=1464"}],"curies":[{"name":"wp","href":"https:\/\/api.w.org\/{rel}","templated":true}]}}