{"id":2225,"date":"2022-08-10T11:57:09","date_gmt":"2022-08-10T09:57:09","guid":{"rendered":"https:\/\/www.weingut-im-moselkrampen.de\/?post_type=product&#038;p=2225"},"modified":"2022-08-10T14:02:45","modified_gmt":"2022-08-10T12:02:45","slug":"2021-mia","status":"publish","type":"product","link":"https:\/\/www.weingut-im-moselkrampen.de\/en\/product\/2021-mia\/","title":{"rendered":"2021 Mia"},"content":{"rendered":"<h2><strong>2021 Mia<\/strong><\/h2>\n<p><strong>Year:\u00a0<\/strong> \u00a0 \u00a02021<br \/>\n<strong>Grape variety:\u00a0<\/strong> \u00a0 \u00a0Riesling<br \/>\n<strong>Wine style:\u00a0<\/strong> \u00a0 \u00a0Wei\u00dfwein<br \/>\n<strong>Alcohol:<\/strong>\u00a0 \u00a0 \u00a010% Vol<br \/>\n<strong>Verg\u00e4rbare Zucker vor Inversion:<\/strong>\u00a0 \u00a0 \u00a09,6 g\/l<br \/>\n<strong>Acidity:\u00a0 \u00a0 \u00a0<\/strong>7,3 g\/l<br \/>\n<strong>Sweetness:<\/strong>\u00a0 \u00a0 \u00a0feinherb<br \/>\n<strong>Erzeugerabf\u00fcllung A. P. Nr.<\/strong>\u00a0 \u00a0 \u00a01 626 130 001 22<br \/>\n<strong>Vinyard:<\/strong>\u00a0 \u00a0 Ellenzer Kurf\u00fcrst und M\u00fcdener Funkenberg, Mosel<br \/>\n<strong>Allergenhinweis:<\/strong>\u00a0 \u00a0 \u00a0Enth\u00e4lt Sulfite<br \/>\n<strong>Inhalt:<\/strong>\u00a0 \u00a0 \u00a00,75 l<br \/>\n<strong>Trinktemperatur:<\/strong>\u00a0 \u00a0 \u00a010-12 \u00b0C<br \/>\n<strong>Passt zu:\u00a0 \u00a0<\/strong> K\u00e4seplatte, Erdbeeren, Cr\u00e8me Br\u00fbl\u00e9e, Kuchen<br \/>\n<strong>Grundpreis:<\/strong>\u00a0 \u00a0 \u00a010,00 \u20ac\/l<\/p>","protected":false},"excerpt":{"rendered":"<p>Delivery time: 3-5 workdays<\/p>\n<h3><em><strong>zur Geburt unserer Tochter<\/strong><\/em><\/h3>\n<ul>\n<li>Riesling<\/li>\n<li>feinherb<\/li>\n<li>Kabinett<\/li>\n<li>spontaneous fermentation<\/li>\n<li>Deutscher Pr\u00e4dikatswein<\/li>\n<\/ul>","protected":false},"featured_media":2234,"comment_status":"open","ping_status":"closed","template":"","meta":[],"product_brand":[],"product_cat":[22,116,125,140,141],"product_tag":[],"class_list":{"0":"post-2225","1":"product","2":"type-product","3":"status-publish","4":"has-post-thumbnail","6":"product_cat-riesling","7":"product_cat-weisswein","8":"product_cat-feinherb","9":"product_cat-140","10":"product_cat-kabinett","11":"post","12":"post-with-thumbnail","13":"post-with-thumbnail-large","15":"first","16":"instock","17":"shipping-taxable","18":"purchasable","19":"product-type-simple"},"_links":{"self":[{"href":"https:\/\/www.weingut-im-moselkrampen.de\/en\/wp-json\/wp\/v2\/product\/2225","targetHints":{"allow":["GET"]}}],"collection":[{"href":"https:\/\/www.weingut-im-moselkrampen.de\/en\/wp-json\/wp\/v2\/product"}],"about":[{"href":"https:\/\/www.weingut-im-moselkrampen.de\/en\/wp-json\/wp\/v2\/types\/product"}],"replies":[{"embeddable":true,"href":"https:\/\/www.weingut-im-moselkrampen.de\/en\/wp-json\/wp\/v2\/comments?post=2225"}],"wp:featuredmedia":[{"embeddable":true,"href":"https:\/\/www.weingut-im-moselkrampen.de\/en\/wp-json\/wp\/v2\/media\/2234"}],"wp:attachment":[{"href":"https:\/\/www.weingut-im-moselkrampen.de\/en\/wp-json\/wp\/v2\/media?parent=2225"}],"wp:term":[{"taxonomy":"product_brand","embeddable":true,"href":"https:\/\/www.weingut-im-moselkrampen.de\/en\/wp-json\/wp\/v2\/product_brand?post=2225"},{"taxonomy":"product_cat","embeddable":true,"href":"https:\/\/www.weingut-im-moselkrampen.de\/en\/wp-json\/wp\/v2\/product_cat?post=2225"},{"taxonomy":"product_tag","embeddable":true,"href":"https:\/\/www.weingut-im-moselkrampen.de\/en\/wp-json\/wp\/v2\/product_tag?post=2225"}],"curies":[{"name":"wp","href":"https:\/\/api.w.org\/{rel}","templated":true}]}}