{"id":2755,"date":"2024-06-28T11:02:53","date_gmt":"2024-06-28T09:02:53","guid":{"rendered":"https:\/\/www.weingut-im-moselkrampen.de\/?post_type=product&#038;p=2755"},"modified":"2026-04-05T19:57:57","modified_gmt":"2026-04-05T17:57:57","slug":"2023-albina","status":"publish","type":"product","link":"https:\/\/www.weingut-im-moselkrampen.de\/en\/product\/2023-albina\/","title":{"rendered":"2023 Albina"},"content":{"rendered":"<h2><strong>2023 Albina<\/strong><\/h2>\n<p><strong>Year:\u00a0<\/strong> \u00a0 \u00a02023<br \/>\n<strong>Grape variety:\u00a0<\/strong> \u00a0 \u00a0Pinot Noir<br \/>\n<strong>Wine style:\u00a0<\/strong> \u00a0 \u00a0Blanc der Noir<br \/>\n<strong>Alcohol:<\/strong>\u00a0 \u00a0 \u00a013,0% Vol<br \/>\n<strong>Residual sugar:<\/strong>\u00a0 \u00a0 \u00a018,0 g\/l<br \/>\n<strong>Acidity:\u00a0 \u00a0 \u00a0<\/strong>6,0 g\/l<br \/>\n<strong>Sweetness:<\/strong>\u00a0 \u00a0 \u00a0feinherb<br \/>\n<strong>Erzeugerabf\u00fcllung A. P. Nr.<\/strong>\u00a0 \u00a0 \u00a01 626 130 004 24<br \/>\n<strong>Vinyard:<\/strong>\u00a0 \u00a0 \u00a0Ellenzer Kurf\u00fcrst, Mosel<br \/>\n<strong>Allergenhinweis:<\/strong>\u00a0 \u00a0 \u00a0Enth\u00e4lt Sulfite<br \/>\n<strong>Inhalt:<\/strong>\u00a0 \u00a0 \u00a00,75 l<br \/>\n<strong>Trinktemperatur:<\/strong>\u00a0 \u00a0 \u00a012-14 \u00b0C<br \/>\n<strong>Passt zu:\u00a0 \u00a0<\/strong> Erdbeeren, Cr\u00eame br\u00fbl\u00e9e, Fruchtjoghurt<br \/>\n<strong>Grundpreis:<\/strong>\u00a0 \u00a0 \u00a08,67 \u20ac\/l<\/p>","protected":false},"excerpt":{"rendered":"<p>Delivery time: 3-5 workdays<\/p>\n<h3><em><strong>Summer love in ros\u00e9<\/strong><\/em><\/h3>\n<ul>\n<li>Pinot Noir<\/li>\n<li>feinherb<\/li>\n<li>spontaneous fermentation<\/li>\n<li>Deutscher Pr\u00e4dikatswein<\/li>\n<\/ul>","protected":false},"featured_media":3311,"comment_status":"open","ping_status":"closed","template":"","meta":[],"product_brand":[],"product_cat":[47,120,125,143],"product_tag":[],"class_list":{"0":"post-2755","1":"product","2":"type-product","3":"status-publish","4":"has-post-thumbnail","6":"product_cat-spaetburgunder","7":"product_cat-blanc-der-noirs","8":"product_cat-feinherb","9":"product_cat-143","10":"post","11":"post-with-thumbnail","12":"post-with-thumbnail-large","14":"first","15":"instock","16":"shipping-taxable","17":"purchasable","18":"product-type-simple"},"_links":{"self":[{"href":"https:\/\/www.weingut-im-moselkrampen.de\/en\/wp-json\/wp\/v2\/product\/2755","targetHints":{"allow":["GET"]}}],"collection":[{"href":"https:\/\/www.weingut-im-moselkrampen.de\/en\/wp-json\/wp\/v2\/product"}],"about":[{"href":"https:\/\/www.weingut-im-moselkrampen.de\/en\/wp-json\/wp\/v2\/types\/product"}],"replies":[{"embeddable":true,"href":"https:\/\/www.weingut-im-moselkrampen.de\/en\/wp-json\/wp\/v2\/comments?post=2755"}],"wp:featuredmedia":[{"embeddable":true,"href":"https:\/\/www.weingut-im-moselkrampen.de\/en\/wp-json\/wp\/v2\/media\/3311"}],"wp:attachment":[{"href":"https:\/\/www.weingut-im-moselkrampen.de\/en\/wp-json\/wp\/v2\/media?parent=2755"}],"wp:term":[{"taxonomy":"product_brand","embeddable":true,"href":"https:\/\/www.weingut-im-moselkrampen.de\/en\/wp-json\/wp\/v2\/product_brand?post=2755"},{"taxonomy":"product_cat","embeddable":true,"href":"https:\/\/www.weingut-im-moselkrampen.de\/en\/wp-json\/wp\/v2\/product_cat?post=2755"},{"taxonomy":"product_tag","embeddable":true,"href":"https:\/\/www.weingut-im-moselkrampen.de\/en\/wp-json\/wp\/v2\/product_tag?post=2755"}],"curies":[{"name":"wp","href":"https:\/\/api.w.org\/{rel}","templated":true}]}}